{"id":9120,"date":"2026-03-13T19:51:51","date_gmt":"2026-03-13T19:51:51","guid":{"rendered":"https:\/\/www.hepsiart.com\/?product=aci-biber-yagi-50-ml"},"modified":"2026-03-13T19:51:51","modified_gmt":"2026-03-13T19:51:51","slug":"aci-biber-yagi-50-ml","status":"publish","type":"product","link":"https:\/\/www.hepsiart.com\/?product=aci-biber-yagi-50-ml","title":{"rendered":"Ac\u0131 Biber Ya\u011f\u0131 50 ML"},"content":{"rendered":"<p>Ac\u0131 Biber Ya\u011f\u0131 50 ML &#8211; OEM458-9730 &#8211;  &#8211; Ac\u0131 Biber Ya\u011f\u0131 50 ML<\/p>\n","protected":false},"excerpt":{"rendered":"<p>Ac\u0131 Biber Ya\u011f\u0131 50 ML &#8211; OEM458-9730 &#8211; &#8211; Ac\u0131 Biber Ya\u011f\u0131 50 ML<\/p>\n","protected":false},"featured_media":9121,"comment_status":"closed","ping_status":"open","template":"","meta":[],"product_brand":[69],"product_cat":[722],"product_tag":[],"class_list":{"0":"post-9120","1":"product","2":"type-product","3":"status-publish","4":"has-post-thumbnail","6":"product_brand-oem","7":"product_cat-aci-biber-yagi","9":"first","10":"instock","11":"purchasable","12":"product-type-simple"},"acf":[],"_links":{"self":[{"href":"https:\/\/www.hepsiart.com\/index.php?rest_route=\/wp\/v2\/product\/9120","targetHints":{"allow":["GET"]}}],"collection":[{"href":"https:\/\/www.hepsiart.com\/index.php?rest_route=\/wp\/v2\/product"}],"about":[{"href":"https:\/\/www.hepsiart.com\/index.php?rest_route=\/wp\/v2\/types\/product"}],"replies":[{"embeddable":true,"href":"https:\/\/www.hepsiart.com\/index.php?rest_route=%2Fwp%2Fv2%2Fcomments&post=9120"}],"wp:featuredmedia":[{"embeddable":true,"href":"https:\/\/www.hepsiart.com\/index.php?rest_route=\/wp\/v2\/media\/9121"}],"wp:attachment":[{"href":"https:\/\/www.hepsiart.com\/index.php?rest_route=%2Fwp%2Fv2%2Fmedia&parent=9120"}],"wp:term":[{"taxonomy":"product_brand","embeddable":true,"href":"https:\/\/www.hepsiart.com\/index.php?rest_route=%2Fwp%2Fv2%2Fproduct_brand&post=9120"},{"taxonomy":"product_cat","embeddable":true,"href":"https:\/\/www.hepsiart.com\/index.php?rest_route=%2Fwp%2Fv2%2Fproduct_cat&post=9120"},{"taxonomy":"product_tag","embeddable":true,"href":"https:\/\/www.hepsiart.com\/index.php?rest_route=%2Fwp%2Fv2%2Fproduct_tag&post=9120"}],"curies":[{"name":"wp","href":"https:\/\/api.w.org\/{rel}","templated":true}]}}