{"id":9112,"date":"2026-03-13T19:51:49","date_gmt":"2026-03-13T19:51:49","guid":{"rendered":"https:\/\/www.hepsiart.com\/?product=sac-ve-sakal-kiran-serumu-20-ml"},"modified":"2026-03-13T19:51:49","modified_gmt":"2026-03-13T19:51:49","slug":"sac-ve-sakal-kiran-serumu-20-ml","status":"publish","type":"product","link":"https:\/\/www.hepsiart.com\/?product=sac-ve-sakal-kiran-serumu-20-ml","title":{"rendered":"Sa\u00e7 Ve Sakal K\u0131ran Serumu 20 ML"},"content":{"rendered":"<p>Sa\u00e7 Ve Sakal K\u0131ran Serumu 20 ML &#8211; OEM458-9723 &#8211;  &#8211; Sa\u00e7 Ve Sakal K\u0131ran Serumu 20 ML<\/p>\n","protected":false},"excerpt":{"rendered":"<p>Sa\u00e7 Ve Sakal K\u0131ran Serumu 20 ML &#8211; OEM458-9723 &#8211; &#8211; Sa\u00e7 Ve Sakal K\u0131ran Serumu 20 ML<\/p>\n","protected":false},"featured_media":9113,"comment_status":"closed","ping_status":"open","template":"","meta":[],"product_brand":[69],"product_cat":[721],"product_tag":[],"class_list":{"0":"post-9112","1":"product","2":"type-product","3":"status-publish","4":"has-post-thumbnail","6":"product_brand-oem","7":"product_cat-sakal-ve-biyik-bakim-urunleri","9":"first","10":"instock","11":"purchasable","12":"product-type-simple"},"acf":[],"_links":{"self":[{"href":"https:\/\/www.hepsiart.com\/index.php?rest_route=\/wp\/v2\/product\/9112","targetHints":{"allow":["GET"]}}],"collection":[{"href":"https:\/\/www.hepsiart.com\/index.php?rest_route=\/wp\/v2\/product"}],"about":[{"href":"https:\/\/www.hepsiart.com\/index.php?rest_route=\/wp\/v2\/types\/product"}],"replies":[{"embeddable":true,"href":"https:\/\/www.hepsiart.com\/index.php?rest_route=%2Fwp%2Fv2%2Fcomments&post=9112"}],"wp:featuredmedia":[{"embeddable":true,"href":"https:\/\/www.hepsiart.com\/index.php?rest_route=\/wp\/v2\/media\/9113"}],"wp:attachment":[{"href":"https:\/\/www.hepsiart.com\/index.php?rest_route=%2Fwp%2Fv2%2Fmedia&parent=9112"}],"wp:term":[{"taxonomy":"product_brand","embeddable":true,"href":"https:\/\/www.hepsiart.com\/index.php?rest_route=%2Fwp%2Fv2%2Fproduct_brand&post=9112"},{"taxonomy":"product_cat","embeddable":true,"href":"https:\/\/www.hepsiart.com\/index.php?rest_route=%2Fwp%2Fv2%2Fproduct_cat&post=9112"},{"taxonomy":"product_tag","embeddable":true,"href":"https:\/\/www.hepsiart.com\/index.php?rest_route=%2Fwp%2Fv2%2Fproduct_tag&post=9112"}],"curies":[{"name":"wp","href":"https:\/\/api.w.org\/{rel}","templated":true}]}}