{"id":9108,"date":"2026-03-13T19:51:47","date_gmt":"2026-03-13T19:51:47","guid":{"rendered":"https:\/\/www.hepsiart.com\/?product=akilli-masaj-kremi-dogal-120-gr"},"modified":"2026-03-13T19:51:47","modified_gmt":"2026-03-13T19:51:47","slug":"akilli-masaj-kremi-dogal-120-gr","status":"publish","type":"product","link":"https:\/\/www.hepsiart.com\/?product=akilli-masaj-kremi-dogal-120-gr","title":{"rendered":"Ak\u0131ll\u0131 Masaj Kremi Do\u011fal 120 Gr"},"content":{"rendered":"<p>Ak\u0131ll\u0131 Masaj Kremi Do\u011fal 120 Gr &#8211; OEM458-9722 &#8211;  &#8211; Ak\u0131ll\u0131 Masaj Kremi Do\u011fal 120 Gr<\/p>\n","protected":false},"excerpt":{"rendered":"<p>Ak\u0131ll\u0131 Masaj Kremi Do\u011fal 120 Gr &#8211; OEM458-9722 &#8211; &#8211; Ak\u0131ll\u0131 Masaj Kremi Do\u011fal 120 Gr<\/p>\n","protected":false},"featured_media":9109,"comment_status":"closed","ping_status":"open","template":"","meta":[],"product_brand":[69],"product_cat":[441],"product_tag":[],"class_list":{"0":"post-9108","1":"product","2":"type-product","3":"status-publish","4":"has-post-thumbnail","6":"product_brand-oem","7":"product_cat-aromaterapi-masaj-urunleri","9":"first","10":"instock","11":"purchasable","12":"product-type-simple"},"acf":[],"_links":{"self":[{"href":"https:\/\/www.hepsiart.com\/index.php?rest_route=\/wp\/v2\/product\/9108","targetHints":{"allow":["GET"]}}],"collection":[{"href":"https:\/\/www.hepsiart.com\/index.php?rest_route=\/wp\/v2\/product"}],"about":[{"href":"https:\/\/www.hepsiart.com\/index.php?rest_route=\/wp\/v2\/types\/product"}],"replies":[{"embeddable":true,"href":"https:\/\/www.hepsiart.com\/index.php?rest_route=%2Fwp%2Fv2%2Fcomments&post=9108"}],"wp:featuredmedia":[{"embeddable":true,"href":"https:\/\/www.hepsiart.com\/index.php?rest_route=\/wp\/v2\/media\/9109"}],"wp:attachment":[{"href":"https:\/\/www.hepsiart.com\/index.php?rest_route=%2Fwp%2Fv2%2Fmedia&parent=9108"}],"wp:term":[{"taxonomy":"product_brand","embeddable":true,"href":"https:\/\/www.hepsiart.com\/index.php?rest_route=%2Fwp%2Fv2%2Fproduct_brand&post=9108"},{"taxonomy":"product_cat","embeddable":true,"href":"https:\/\/www.hepsiart.com\/index.php?rest_route=%2Fwp%2Fv2%2Fproduct_cat&post=9108"},{"taxonomy":"product_tag","embeddable":true,"href":"https:\/\/www.hepsiart.com\/index.php?rest_route=%2Fwp%2Fv2%2Fproduct_tag&post=9108"}],"curies":[{"name":"wp","href":"https:\/\/api.w.org\/{rel}","templated":true}]}}