{"id":7906,"date":"2026-03-13T19:46:37","date_gmt":"2026-03-13T19:46:37","guid":{"rendered":"https:\/\/www.hepsiart.com\/?product=kizil-hint-kinasi-burgundy-henna-10-gr-paket-2"},"modified":"2026-03-13T19:46:38","modified_gmt":"2026-03-13T19:46:38","slug":"kizil-hint-kinasi-burgundy-henna-10-gr-paket-2","status":"publish","type":"product","link":"https:\/\/www.hepsiart.com\/?product=kizil-hint-kinasi-burgundy-henna-10-gr-paket-2","title":{"rendered":"K\u0131z\u0131l Hint K\u0131nas\u0131 (Burgundy Henna) 10 Gr Paket"},"content":{"rendered":"<p>K\u0131z\u0131l Hint K\u0131nas\u0131 (Burgundy Henna) 10 Gr Paket &#8211; OEM458-9255 &#8211;  &#8211; K\u0131z\u0131l Hint K\u0131nas\u0131 (Burgundy Henna) 10 Gr Paket<\/p>\n","protected":false},"excerpt":{"rendered":"<p>K\u0131z\u0131l Hint K\u0131nas\u0131 (Burgundy Henna) 10 Gr Paket &#8211; OEM458-9255 &#8211; &#8211; K\u0131z\u0131l Hint K\u0131nas\u0131 (Burgundy Henna) 10 Gr Paket<\/p>\n","protected":false},"featured_media":7907,"comment_status":"closed","ping_status":"open","template":"","meta":[],"product_brand":[69],"product_cat":[152],"product_tag":[],"class_list":{"0":"post-7906","1":"product","2":"type-product","3":"status-publish","4":"has-post-thumbnail","6":"product_brand-oem","7":"product_cat-kizil-kina-burgundy","9":"first","10":"instock","11":"purchasable","12":"product-type-simple"},"acf":[],"_links":{"self":[{"href":"https:\/\/www.hepsiart.com\/index.php?rest_route=\/wp\/v2\/product\/7906","targetHints":{"allow":["GET"]}}],"collection":[{"href":"https:\/\/www.hepsiart.com\/index.php?rest_route=\/wp\/v2\/product"}],"about":[{"href":"https:\/\/www.hepsiart.com\/index.php?rest_route=\/wp\/v2\/types\/product"}],"replies":[{"embeddable":true,"href":"https:\/\/www.hepsiart.com\/index.php?rest_route=%2Fwp%2Fv2%2Fcomments&post=7906"}],"wp:featuredmedia":[{"embeddable":true,"href":"https:\/\/www.hepsiart.com\/index.php?rest_route=\/wp\/v2\/media\/7907"}],"wp:attachment":[{"href":"https:\/\/www.hepsiart.com\/index.php?rest_route=%2Fwp%2Fv2%2Fmedia&parent=7906"}],"wp:term":[{"taxonomy":"product_brand","embeddable":true,"href":"https:\/\/www.hepsiart.com\/index.php?rest_route=%2Fwp%2Fv2%2Fproduct_brand&post=7906"},{"taxonomy":"product_cat","embeddable":true,"href":"https:\/\/www.hepsiart.com\/index.php?rest_route=%2Fwp%2Fv2%2Fproduct_cat&post=7906"},{"taxonomy":"product_tag","embeddable":true,"href":"https:\/\/www.hepsiart.com\/index.php?rest_route=%2Fwp%2Fv2%2Fproduct_tag&post=7906"}],"curies":[{"name":"wp","href":"https:\/\/api.w.org\/{rel}","templated":true}]}}