{"id":7028,"date":"2026-03-13T19:42:43","date_gmt":"2026-03-13T19:42:43","guid":{"rendered":"https:\/\/www.hepsiart.com\/?product=aclik-otu-erkek-sinameki-dogal-1000-gr-paket"},"modified":"2026-03-13T19:42:43","modified_gmt":"2026-03-13T19:42:43","slug":"aclik-otu-erkek-sinameki-dogal-1000-gr-paket","status":"publish","type":"product","link":"https:\/\/www.hepsiart.com\/?product=aclik-otu-erkek-sinameki-dogal-1000-gr-paket","title":{"rendered":"A\u00e7l\u0131k Otu Erkek Sinameki Do\u011fal 1000 Gr Paket"},"content":{"rendered":"<p>A\u00e7l\u0131k Otu Erkek Sinameki Do\u011fal 1000 Gr Paket &#8211; OEM458-8787 &#8211;  &#8211; A\u00e7l\u0131k Otu Erkek Sinameki Do\u011fal 1000 Gr Paket<\/p>\n","protected":false},"excerpt":{"rendered":"<p>A\u00e7l\u0131k Otu Erkek Sinameki Do\u011fal 1000 Gr Paket &#8211; OEM458-8787 &#8211; &#8211; A\u00e7l\u0131k Otu Erkek Sinameki Do\u011fal 1000 Gr Paket<\/p>\n","protected":false},"featured_media":7029,"comment_status":"closed","ping_status":"open","template":"","meta":[],"product_brand":[69],"product_cat":[525],"product_tag":[],"class_list":{"0":"post-7028","1":"product","2":"type-product","3":"status-publish","4":"has-post-thumbnail","6":"product_brand-oem","7":"product_cat-aclik-otu-erkek-sinameki","9":"first","10":"instock","11":"purchasable","12":"product-type-simple"},"acf":[],"_links":{"self":[{"href":"https:\/\/www.hepsiart.com\/index.php?rest_route=\/wp\/v2\/product\/7028","targetHints":{"allow":["GET"]}}],"collection":[{"href":"https:\/\/www.hepsiart.com\/index.php?rest_route=\/wp\/v2\/product"}],"about":[{"href":"https:\/\/www.hepsiart.com\/index.php?rest_route=\/wp\/v2\/types\/product"}],"replies":[{"embeddable":true,"href":"https:\/\/www.hepsiart.com\/index.php?rest_route=%2Fwp%2Fv2%2Fcomments&post=7028"}],"wp:featuredmedia":[{"embeddable":true,"href":"https:\/\/www.hepsiart.com\/index.php?rest_route=\/wp\/v2\/media\/7029"}],"wp:attachment":[{"href":"https:\/\/www.hepsiart.com\/index.php?rest_route=%2Fwp%2Fv2%2Fmedia&parent=7028"}],"wp:term":[{"taxonomy":"product_brand","embeddable":true,"href":"https:\/\/www.hepsiart.com\/index.php?rest_route=%2Fwp%2Fv2%2Fproduct_brand&post=7028"},{"taxonomy":"product_cat","embeddable":true,"href":"https:\/\/www.hepsiart.com\/index.php?rest_route=%2Fwp%2Fv2%2Fproduct_cat&post=7028"},{"taxonomy":"product_tag","embeddable":true,"href":"https:\/\/www.hepsiart.com\/index.php?rest_route=%2Fwp%2Fv2%2Fproduct_tag&post=7028"}],"curies":[{"name":"wp","href":"https:\/\/api.w.org\/{rel}","templated":true}]}}