{"id":7020,"date":"2026-03-13T19:42:40","date_gmt":"2026-03-13T19:42:40","guid":{"rendered":"https:\/\/www.hepsiart.com\/?product=a1-l-carnitine-lepidium-bitkisel-30-kapsul"},"modified":"2026-03-13T19:42:40","modified_gmt":"2026-03-13T19:42:40","slug":"a1-l-carnitine-lepidium-bitkisel-30-kapsul","status":"publish","type":"product","link":"https:\/\/www.hepsiart.com\/?product=a1-l-carnitine-lepidium-bitkisel-30-kapsul","title":{"rendered":"A1 L-Carnitine Lepidium Bitkisel 30 Kaps\u00fcl"},"content":{"rendered":"<p>A1 L-Carnitine Lepidium Bitkisel 30 Kaps\u00fcl &#8211; OEM458-8783 &#8211;  &#8211; A1 L-Carnitine Lepidium Bitkisel 30 Kaps\u00fcl<\/p>\n","protected":false},"excerpt":{"rendered":"<p>A1 L-Carnitine Lepidium Bitkisel 30 Kaps\u00fcl &#8211; OEM458-8783 &#8211; &#8211; A1 L-Carnitine Lepidium Bitkisel 30 Kaps\u00fcl<\/p>\n","protected":false},"featured_media":7021,"comment_status":"closed","ping_status":"open","template":"","meta":[],"product_brand":[69],"product_cat":[262],"product_tag":[],"class_list":{"0":"post-7020","1":"product","2":"type-product","3":"status-publish","4":"has-post-thumbnail","6":"product_brand-oem","7":"product_cat-bitkisel-kapsul-tablet","9":"first","10":"instock","11":"purchasable","12":"product-type-simple"},"acf":[],"_links":{"self":[{"href":"https:\/\/www.hepsiart.com\/index.php?rest_route=\/wp\/v2\/product\/7020","targetHints":{"allow":["GET"]}}],"collection":[{"href":"https:\/\/www.hepsiart.com\/index.php?rest_route=\/wp\/v2\/product"}],"about":[{"href":"https:\/\/www.hepsiart.com\/index.php?rest_route=\/wp\/v2\/types\/product"}],"replies":[{"embeddable":true,"href":"https:\/\/www.hepsiart.com\/index.php?rest_route=%2Fwp%2Fv2%2Fcomments&post=7020"}],"wp:featuredmedia":[{"embeddable":true,"href":"https:\/\/www.hepsiart.com\/index.php?rest_route=\/wp\/v2\/media\/7021"}],"wp:attachment":[{"href":"https:\/\/www.hepsiart.com\/index.php?rest_route=%2Fwp%2Fv2%2Fmedia&parent=7020"}],"wp:term":[{"taxonomy":"product_brand","embeddable":true,"href":"https:\/\/www.hepsiart.com\/index.php?rest_route=%2Fwp%2Fv2%2Fproduct_brand&post=7020"},{"taxonomy":"product_cat","embeddable":true,"href":"https:\/\/www.hepsiart.com\/index.php?rest_route=%2Fwp%2Fv2%2Fproduct_cat&post=7020"},{"taxonomy":"product_tag","embeddable":true,"href":"https:\/\/www.hepsiart.com\/index.php?rest_route=%2Fwp%2Fv2%2Fproduct_tag&post=7020"}],"curies":[{"name":"wp","href":"https:\/\/api.w.org\/{rel}","templated":true}]}}