{"id":7012,"date":"2026-03-13T19:42:38","date_gmt":"2026-03-13T19:42:38","guid":{"rendered":"https:\/\/www.hepsiart.com\/?product=domates-kurusu-kup-kesim-100-gr-paket"},"modified":"2026-03-13T19:42:38","modified_gmt":"2026-03-13T19:42:38","slug":"domates-kurusu-kup-kesim-100-gr-paket","status":"publish","type":"product","link":"https:\/\/www.hepsiart.com\/?product=domates-kurusu-kup-kesim-100-gr-paket","title":{"rendered":"Domates Kurusu K\u00fcp Kesim 100 Gr Paket"},"content":{"rendered":"<p>Domates Kurusu K\u00fcp Kesim 100 Gr Paket &#8211; OEM458-10432 &#8211;  &#8211; Domates Kurusu K\u00fcp Kesim 100 Gr Paket<\/p>\n","protected":false},"excerpt":{"rendered":"<p>Domates Kurusu K\u00fcp Kesim 100 Gr Paket &#8211; OEM458-10432 &#8211; &#8211; Domates Kurusu K\u00fcp Kesim 100 Gr Paket<\/p>\n","protected":false},"featured_media":7013,"comment_status":"closed","ping_status":"open","template":"","meta":[],"product_brand":[69],"product_cat":[484],"product_tag":[],"class_list":{"0":"post-7012","1":"product","2":"type-product","3":"status-publish","4":"has-post-thumbnail","6":"product_brand-oem","7":"product_cat-domates-kurusu","9":"first","10":"instock","11":"purchasable","12":"product-type-simple"},"acf":[],"_links":{"self":[{"href":"https:\/\/www.hepsiart.com\/index.php?rest_route=\/wp\/v2\/product\/7012","targetHints":{"allow":["GET"]}}],"collection":[{"href":"https:\/\/www.hepsiart.com\/index.php?rest_route=\/wp\/v2\/product"}],"about":[{"href":"https:\/\/www.hepsiart.com\/index.php?rest_route=\/wp\/v2\/types\/product"}],"replies":[{"embeddable":true,"href":"https:\/\/www.hepsiart.com\/index.php?rest_route=%2Fwp%2Fv2%2Fcomments&post=7012"}],"wp:featuredmedia":[{"embeddable":true,"href":"https:\/\/www.hepsiart.com\/index.php?rest_route=\/wp\/v2\/media\/7013"}],"wp:attachment":[{"href":"https:\/\/www.hepsiart.com\/index.php?rest_route=%2Fwp%2Fv2%2Fmedia&parent=7012"}],"wp:term":[{"taxonomy":"product_brand","embeddable":true,"href":"https:\/\/www.hepsiart.com\/index.php?rest_route=%2Fwp%2Fv2%2Fproduct_brand&post=7012"},{"taxonomy":"product_cat","embeddable":true,"href":"https:\/\/www.hepsiart.com\/index.php?rest_route=%2Fwp%2Fv2%2Fproduct_cat&post=7012"},{"taxonomy":"product_tag","embeddable":true,"href":"https:\/\/www.hepsiart.com\/index.php?rest_route=%2Fwp%2Fv2%2Fproduct_tag&post=7012"}],"curies":[{"name":"wp","href":"https:\/\/api.w.org\/{rel}","templated":true}]}}