{"id":7008,"date":"2026-03-13T19:42:36","date_gmt":"2026-03-13T19:42:36","guid":{"rendered":"https:\/\/www.hepsiart.com\/?product=sineklere-karsi-su-bazli-aerosol-405-ml"},"modified":"2026-03-13T19:42:37","modified_gmt":"2026-03-13T19:42:37","slug":"sineklere-karsi-su-bazli-aerosol-405-ml","status":"publish","type":"product","link":"https:\/\/www.hepsiart.com\/?product=sineklere-karsi-su-bazli-aerosol-405-ml","title":{"rendered":"Sineklere Kar\u015f\u0131 Su Bazl\u0131 Aerosol 405 ML"},"content":{"rendered":"<p>Sineklere Kar\u015f\u0131 Su Bazl\u0131 Aerosol 405 ML &#8211; OEM458-8794 &#8211;  &#8211; Sineklere Kar\u015f\u0131 Su Bazl\u0131 Aerosol 405 ML<\/p>\n","protected":false},"excerpt":{"rendered":"<p>Sineklere Kar\u015f\u0131 Su Bazl\u0131 Aerosol 405 ML &#8211; OEM458-8794 &#8211; &#8211; Sineklere Kar\u015f\u0131 Su Bazl\u0131 Aerosol 405 ML<\/p>\n","protected":false},"featured_media":7009,"comment_status":"closed","ping_status":"open","template":"","meta":[],"product_brand":[69],"product_cat":[556],"product_tag":[],"class_list":{"0":"post-7008","1":"product","2":"type-product","3":"status-publish","4":"has-post-thumbnail","6":"product_brand-oem","7":"product_cat-hasere-oldurucu","9":"first","10":"instock","11":"purchasable","12":"product-type-simple"},"acf":[],"_links":{"self":[{"href":"https:\/\/www.hepsiart.com\/index.php?rest_route=\/wp\/v2\/product\/7008","targetHints":{"allow":["GET"]}}],"collection":[{"href":"https:\/\/www.hepsiart.com\/index.php?rest_route=\/wp\/v2\/product"}],"about":[{"href":"https:\/\/www.hepsiart.com\/index.php?rest_route=\/wp\/v2\/types\/product"}],"replies":[{"embeddable":true,"href":"https:\/\/www.hepsiart.com\/index.php?rest_route=%2Fwp%2Fv2%2Fcomments&post=7008"}],"wp:featuredmedia":[{"embeddable":true,"href":"https:\/\/www.hepsiart.com\/index.php?rest_route=\/wp\/v2\/media\/7009"}],"wp:attachment":[{"href":"https:\/\/www.hepsiart.com\/index.php?rest_route=%2Fwp%2Fv2%2Fmedia&parent=7008"}],"wp:term":[{"taxonomy":"product_brand","embeddable":true,"href":"https:\/\/www.hepsiart.com\/index.php?rest_route=%2Fwp%2Fv2%2Fproduct_brand&post=7008"},{"taxonomy":"product_cat","embeddable":true,"href":"https:\/\/www.hepsiart.com\/index.php?rest_route=%2Fwp%2Fv2%2Fproduct_cat&post=7008"},{"taxonomy":"product_tag","embeddable":true,"href":"https:\/\/www.hepsiart.com\/index.php?rest_route=%2Fwp%2Fv2%2Fproduct_tag&post=7008"}],"curies":[{"name":"wp","href":"https:\/\/api.w.org\/{rel}","templated":true}]}}