{"id":6968,"date":"2026-03-13T19:42:25","date_gmt":"2026-03-13T19:42:25","guid":{"rendered":"https:\/\/www.hepsiart.com\/?product=havuc-tohumu-yagi-soguk-pres-20-ml-cam-sise"},"modified":"2026-03-13T19:42:26","modified_gmt":"2026-03-13T19:42:26","slug":"havuc-tohumu-yagi-soguk-pres-20-ml-cam-sise","status":"publish","type":"product","link":"https:\/\/www.hepsiart.com\/?product=havuc-tohumu-yagi-soguk-pres-20-ml-cam-sise","title":{"rendered":"Havu\u00e7 Tohumu Ya\u011f\u0131 So\u011fuk Pres 20 ML Cam \u015ei\u015fe"},"content":{"rendered":"<p>Havu\u00e7 Tohumu Ya\u011f\u0131 So\u011fuk Pres 20 ML Cam \u015ei\u015fe &#8211; OEM458-8748 &#8211;  &#8211; Havu\u00e7 Tohumu Ya\u011f\u0131 So\u011fuk Pres 20 ML Cam \u015ei\u015fe<\/p>\n","protected":false},"excerpt":{"rendered":"<p>Havu\u00e7 Tohumu Ya\u011f\u0131 So\u011fuk Pres 20 ML Cam \u015ei\u015fe &#8211; OEM458-8748 &#8211; &#8211; Havu\u00e7 Tohumu Ya\u011f\u0131 So\u011fuk Pres 20 ML Cam \u015ei\u015fe<\/p>\n","protected":false},"featured_media":6969,"comment_status":"closed","ping_status":"open","template":"","meta":[],"product_brand":[69],"product_cat":[362],"product_tag":[],"class_list":{"0":"post-6968","1":"product","2":"type-product","3":"status-publish","4":"has-post-thumbnail","6":"product_brand-oem","7":"product_cat-havuc-yagi","9":"first","10":"instock","11":"purchasable","12":"product-type-simple"},"acf":[],"_links":{"self":[{"href":"https:\/\/www.hepsiart.com\/index.php?rest_route=\/wp\/v2\/product\/6968","targetHints":{"allow":["GET"]}}],"collection":[{"href":"https:\/\/www.hepsiart.com\/index.php?rest_route=\/wp\/v2\/product"}],"about":[{"href":"https:\/\/www.hepsiart.com\/index.php?rest_route=\/wp\/v2\/types\/product"}],"replies":[{"embeddable":true,"href":"https:\/\/www.hepsiart.com\/index.php?rest_route=%2Fwp%2Fv2%2Fcomments&post=6968"}],"wp:featuredmedia":[{"embeddable":true,"href":"https:\/\/www.hepsiart.com\/index.php?rest_route=\/wp\/v2\/media\/6969"}],"wp:attachment":[{"href":"https:\/\/www.hepsiart.com\/index.php?rest_route=%2Fwp%2Fv2%2Fmedia&parent=6968"}],"wp:term":[{"taxonomy":"product_brand","embeddable":true,"href":"https:\/\/www.hepsiart.com\/index.php?rest_route=%2Fwp%2Fv2%2Fproduct_brand&post=6968"},{"taxonomy":"product_cat","embeddable":true,"href":"https:\/\/www.hepsiart.com\/index.php?rest_route=%2Fwp%2Fv2%2Fproduct_cat&post=6968"},{"taxonomy":"product_tag","embeddable":true,"href":"https:\/\/www.hepsiart.com\/index.php?rest_route=%2Fwp%2Fv2%2Fproduct_tag&post=6968"}],"curies":[{"name":"wp","href":"https:\/\/api.w.org\/{rel}","templated":true}]}}