{"id":6952,"date":"2026-03-13T19:42:21","date_gmt":"2026-03-13T19:42:21","guid":{"rendered":"https:\/\/www.hepsiart.com\/?product=kayganlastirici-jel-cilekli-75-ml"},"modified":"2026-03-13T19:42:22","modified_gmt":"2026-03-13T19:42:22","slug":"kayganlastirici-jel-cilekli-75-ml","status":"publish","type":"product","link":"https:\/\/www.hepsiart.com\/?product=kayganlastirici-jel-cilekli-75-ml","title":{"rendered":"Kayganla\u015ft\u0131r\u0131c\u0131 Jel \u00c7ilekli 75 ML"},"content":{"rendered":"<p>Kayganla\u015ft\u0131r\u0131c\u0131 Jel \u00c7ilekli 75 ML &#8211; OEM458-8743 &#8211;  &#8211; Kayganla\u015ft\u0131r\u0131c\u0131 Jel \u00c7ilekli 75 ML<\/p>\n","protected":false},"excerpt":{"rendered":"<p>Kayganla\u015ft\u0131r\u0131c\u0131 Jel \u00c7ilekli 75 ML &#8211; OEM458-8743 &#8211; &#8211; Kayganla\u015ft\u0131r\u0131c\u0131 Jel \u00c7ilekli 75 ML<\/p>\n","protected":false},"featured_media":6953,"comment_status":"closed","ping_status":"open","template":"","meta":[],"product_brand":[69],"product_cat":[396],"product_tag":[],"class_list":{"0":"post-6952","1":"product","2":"type-product","3":"status-publish","4":"has-post-thumbnail","6":"product_brand-oem","7":"product_cat-kayganlastirici-jel","9":"first","10":"instock","11":"purchasable","12":"product-type-simple"},"acf":[],"_links":{"self":[{"href":"https:\/\/www.hepsiart.com\/index.php?rest_route=\/wp\/v2\/product\/6952","targetHints":{"allow":["GET"]}}],"collection":[{"href":"https:\/\/www.hepsiart.com\/index.php?rest_route=\/wp\/v2\/product"}],"about":[{"href":"https:\/\/www.hepsiart.com\/index.php?rest_route=\/wp\/v2\/types\/product"}],"replies":[{"embeddable":true,"href":"https:\/\/www.hepsiart.com\/index.php?rest_route=%2Fwp%2Fv2%2Fcomments&post=6952"}],"wp:featuredmedia":[{"embeddable":true,"href":"https:\/\/www.hepsiart.com\/index.php?rest_route=\/wp\/v2\/media\/6953"}],"wp:attachment":[{"href":"https:\/\/www.hepsiart.com\/index.php?rest_route=%2Fwp%2Fv2%2Fmedia&parent=6952"}],"wp:term":[{"taxonomy":"product_brand","embeddable":true,"href":"https:\/\/www.hepsiart.com\/index.php?rest_route=%2Fwp%2Fv2%2Fproduct_brand&post=6952"},{"taxonomy":"product_cat","embeddable":true,"href":"https:\/\/www.hepsiart.com\/index.php?rest_route=%2Fwp%2Fv2%2Fproduct_cat&post=6952"},{"taxonomy":"product_tag","embeddable":true,"href":"https:\/\/www.hepsiart.com\/index.php?rest_route=%2Fwp%2Fv2%2Fproduct_tag&post=6952"}],"curies":[{"name":"wp","href":"https:\/\/api.w.org\/{rel}","templated":true}]}}