{"id":6940,"date":"2026-03-13T19:42:19","date_gmt":"2026-03-13T19:42:19","guid":{"rendered":"https:\/\/www.hepsiart.com\/?product=aynisefa-yagi-maserasyon-20-ml-cam-sise"},"modified":"2026-03-13T19:42:19","modified_gmt":"2026-03-13T19:42:19","slug":"aynisefa-yagi-maserasyon-20-ml-cam-sise","status":"publish","type":"product","link":"https:\/\/www.hepsiart.com\/?product=aynisefa-yagi-maserasyon-20-ml-cam-sise","title":{"rendered":"Ayn\u0131sefa Ya\u011f\u0131 (Maserasyon) 20 ML Cam \u015ei\u015fe"},"content":{"rendered":"<p>Ayn\u0131sefa Ya\u011f\u0131 (Maserasyon) 20 ML Cam \u015ei\u015fe &#8211; OEM458-8738 &#8211;  &#8211; Ayn\u0131sefa Ya\u011f\u0131 (Maserasyon) 20 ML Cam \u015ei\u015fe<\/p>\n","protected":false},"excerpt":{"rendered":"<p>Ayn\u0131sefa Ya\u011f\u0131 (Maserasyon) 20 ML Cam \u015ei\u015fe &#8211; OEM458-8738 &#8211; &#8211; Ayn\u0131sefa Ya\u011f\u0131 (Maserasyon) 20 ML Cam \u015ei\u015fe<\/p>\n","protected":false},"featured_media":6941,"comment_status":"closed","ping_status":"open","template":"","meta":[],"product_brand":[69],"product_cat":[307],"product_tag":[],"class_list":{"0":"post-6940","1":"product","2":"type-product","3":"status-publish","4":"has-post-thumbnail","6":"product_brand-oem","7":"product_cat-kadinlara-ozel-gogus-bakim","9":"first","10":"instock","11":"purchasable","12":"product-type-simple"},"acf":[],"_links":{"self":[{"href":"https:\/\/www.hepsiart.com\/index.php?rest_route=\/wp\/v2\/product\/6940","targetHints":{"allow":["GET"]}}],"collection":[{"href":"https:\/\/www.hepsiart.com\/index.php?rest_route=\/wp\/v2\/product"}],"about":[{"href":"https:\/\/www.hepsiart.com\/index.php?rest_route=\/wp\/v2\/types\/product"}],"replies":[{"embeddable":true,"href":"https:\/\/www.hepsiart.com\/index.php?rest_route=%2Fwp%2Fv2%2Fcomments&post=6940"}],"wp:featuredmedia":[{"embeddable":true,"href":"https:\/\/www.hepsiart.com\/index.php?rest_route=\/wp\/v2\/media\/6941"}],"wp:attachment":[{"href":"https:\/\/www.hepsiart.com\/index.php?rest_route=%2Fwp%2Fv2%2Fmedia&parent=6940"}],"wp:term":[{"taxonomy":"product_brand","embeddable":true,"href":"https:\/\/www.hepsiart.com\/index.php?rest_route=%2Fwp%2Fv2%2Fproduct_brand&post=6940"},{"taxonomy":"product_cat","embeddable":true,"href":"https:\/\/www.hepsiart.com\/index.php?rest_route=%2Fwp%2Fv2%2Fproduct_cat&post=6940"},{"taxonomy":"product_tag","embeddable":true,"href":"https:\/\/www.hepsiart.com\/index.php?rest_route=%2Fwp%2Fv2%2Fproduct_tag&post=6940"}],"curies":[{"name":"wp","href":"https:\/\/api.w.org\/{rel}","templated":true}]}}