{"id":6936,"date":"2026-03-13T19:42:17","date_gmt":"2026-03-13T19:42:17","guid":{"rendered":"https:\/\/www.hepsiart.com\/?product=corek-otu-dogal-ogutulmus-1000-gr-paket"},"modified":"2026-03-13T19:42:18","modified_gmt":"2026-03-13T19:42:18","slug":"corek-otu-dogal-ogutulmus-1000-gr-paket","status":"publish","type":"product","link":"https:\/\/www.hepsiart.com\/?product=corek-otu-dogal-ogutulmus-1000-gr-paket","title":{"rendered":"\u00c7\u00f6rek Otu Do\u011fal \u00d6\u011f\u00fct\u00fclm\u00fc\u015f 1000 Gr Paket"},"content":{"rendered":"<p>\u00c7\u00f6rek Otu Do\u011fal \u00d6\u011f\u00fct\u00fclm\u00fc\u015f 1000 Gr Paket &#8211; OEM458-8736 &#8211;  &#8211; \u00c7\u00f6rek Otu Do\u011fal \u00d6\u011f\u00fct\u00fclm\u00fc\u015f 1000 Gr Paket<\/p>\n","protected":false},"excerpt":{"rendered":"<p>\u00c7\u00f6rek Otu Do\u011fal \u00d6\u011f\u00fct\u00fclm\u00fc\u015f 1000 Gr Paket &#8211; OEM458-8736 &#8211; &#8211; \u00c7\u00f6rek Otu Do\u011fal \u00d6\u011f\u00fct\u00fclm\u00fc\u015f 1000 Gr Paket<\/p>\n","protected":false},"featured_media":6937,"comment_status":"closed","ping_status":"open","template":"","meta":[],"product_brand":[69],"product_cat":[103],"product_tag":[],"class_list":{"0":"post-6936","1":"product","2":"type-product","3":"status-publish","4":"has-post-thumbnail","6":"product_brand-oem","7":"product_cat-corekotu","9":"first","10":"instock","11":"purchasable","12":"product-type-simple"},"acf":[],"_links":{"self":[{"href":"https:\/\/www.hepsiart.com\/index.php?rest_route=\/wp\/v2\/product\/6936","targetHints":{"allow":["GET"]}}],"collection":[{"href":"https:\/\/www.hepsiart.com\/index.php?rest_route=\/wp\/v2\/product"}],"about":[{"href":"https:\/\/www.hepsiart.com\/index.php?rest_route=\/wp\/v2\/types\/product"}],"replies":[{"embeddable":true,"href":"https:\/\/www.hepsiart.com\/index.php?rest_route=%2Fwp%2Fv2%2Fcomments&post=6936"}],"wp:featuredmedia":[{"embeddable":true,"href":"https:\/\/www.hepsiart.com\/index.php?rest_route=\/wp\/v2\/media\/6937"}],"wp:attachment":[{"href":"https:\/\/www.hepsiart.com\/index.php?rest_route=%2Fwp%2Fv2%2Fmedia&parent=6936"}],"wp:term":[{"taxonomy":"product_brand","embeddable":true,"href":"https:\/\/www.hepsiart.com\/index.php?rest_route=%2Fwp%2Fv2%2Fproduct_brand&post=6936"},{"taxonomy":"product_cat","embeddable":true,"href":"https:\/\/www.hepsiart.com\/index.php?rest_route=%2Fwp%2Fv2%2Fproduct_cat&post=6936"},{"taxonomy":"product_tag","embeddable":true,"href":"https:\/\/www.hepsiart.com\/index.php?rest_route=%2Fwp%2Fv2%2Fproduct_tag&post=6936"}],"curies":[{"name":"wp","href":"https:\/\/api.w.org\/{rel}","templated":true}]}}