{"id":6932,"date":"2026-03-13T19:42:17","date_gmt":"2026-03-13T19:42:17","guid":{"rendered":"https:\/\/www.hepsiart.com\/?product=karinca-tebesiri-24-gr"},"modified":"2026-03-13T19:42:17","modified_gmt":"2026-03-13T19:42:17","slug":"karinca-tebesiri-24-gr","status":"publish","type":"product","link":"https:\/\/www.hepsiart.com\/?product=karinca-tebesiri-24-gr","title":{"rendered":"Kar\u0131nca Tebe\u015firi 24 Gr"},"content":{"rendered":"<p>Kar\u0131nca Tebe\u015firi 24 Gr &#8211; OEM458-8734 &#8211;  &#8211; Kar\u0131nca Tebe\u015firi 24 Gr<\/p>\n","protected":false},"excerpt":{"rendered":"<p>Kar\u0131nca Tebe\u015firi 24 Gr &#8211; OEM458-8734 &#8211; &#8211; Kar\u0131nca Tebe\u015firi 24 Gr<\/p>\n","protected":false},"featured_media":6933,"comment_status":"closed","ping_status":"open","template":"","meta":[],"product_brand":[69],"product_cat":[531],"product_tag":[],"class_list":{"0":"post-6932","1":"product","2":"type-product","3":"status-publish","4":"has-post-thumbnail","6":"product_brand-oem","7":"product_cat-hasere-kovucu","9":"first","10":"instock","11":"purchasable","12":"product-type-simple"},"acf":[],"_links":{"self":[{"href":"https:\/\/www.hepsiart.com\/index.php?rest_route=\/wp\/v2\/product\/6932","targetHints":{"allow":["GET"]}}],"collection":[{"href":"https:\/\/www.hepsiart.com\/index.php?rest_route=\/wp\/v2\/product"}],"about":[{"href":"https:\/\/www.hepsiart.com\/index.php?rest_route=\/wp\/v2\/types\/product"}],"replies":[{"embeddable":true,"href":"https:\/\/www.hepsiart.com\/index.php?rest_route=%2Fwp%2Fv2%2Fcomments&post=6932"}],"wp:featuredmedia":[{"embeddable":true,"href":"https:\/\/www.hepsiart.com\/index.php?rest_route=\/wp\/v2\/media\/6933"}],"wp:attachment":[{"href":"https:\/\/www.hepsiart.com\/index.php?rest_route=%2Fwp%2Fv2%2Fmedia&parent=6932"}],"wp:term":[{"taxonomy":"product_brand","embeddable":true,"href":"https:\/\/www.hepsiart.com\/index.php?rest_route=%2Fwp%2Fv2%2Fproduct_brand&post=6932"},{"taxonomy":"product_cat","embeddable":true,"href":"https:\/\/www.hepsiart.com\/index.php?rest_route=%2Fwp%2Fv2%2Fproduct_cat&post=6932"},{"taxonomy":"product_tag","embeddable":true,"href":"https:\/\/www.hepsiart.com\/index.php?rest_route=%2Fwp%2Fv2%2Fproduct_tag&post=6932"}],"curies":[{"name":"wp","href":"https:\/\/api.w.org\/{rel}","templated":true}]}}