{"id":6928,"date":"2026-03-13T19:42:15","date_gmt":"2026-03-13T19:42:15","guid":{"rendered":"https:\/\/www.hepsiart.com\/?product=oda-parfumu-oda-kokusu-bahar-kokulu-oda-spreyi-500-ml"},"modified":"2026-03-13T19:42:16","modified_gmt":"2026-03-13T19:42:16","slug":"oda-parfumu-oda-kokusu-bahar-kokulu-oda-spreyi-500-ml","status":"publish","type":"product","link":"https:\/\/www.hepsiart.com\/?product=oda-parfumu-oda-kokusu-bahar-kokulu-oda-spreyi-500-ml","title":{"rendered":"Oda Parf\u00fcm\u00fc Oda Kokusu Bahar Kokulu Oda Spreyi 500 ML"},"content":{"rendered":"<p>Oda Parf\u00fcm\u00fc Oda Kokusu Bahar Kokulu Oda Spreyi 500 ML &#8211; OEM458-8733 &#8211;  &#8211; Oda Parf\u00fcm\u00fc Oda Kokusu Bahar Kokulu Oda Spreyi 500 ML<\/p>\n","protected":false},"excerpt":{"rendered":"<p>Oda Parf\u00fcm\u00fc Oda Kokusu Bahar Kokulu Oda Spreyi 500 ML &#8211; OEM458-8733 &#8211; &#8211; Oda Parf\u00fcm\u00fc Oda Kokusu Bahar Kokulu Oda Spreyi 500 ML<\/p>\n","protected":false},"featured_media":6929,"comment_status":"closed","ping_status":"open","template":"","meta":[],"product_brand":[69],"product_cat":[538],"product_tag":[],"class_list":{"0":"post-6928","1":"product","2":"type-product","3":"status-publish","4":"has-post-thumbnail","6":"product_brand-oem","7":"product_cat-oda-parfumu","9":"first","10":"instock","11":"purchasable","12":"product-type-simple"},"acf":[],"_links":{"self":[{"href":"https:\/\/www.hepsiart.com\/index.php?rest_route=\/wp\/v2\/product\/6928","targetHints":{"allow":["GET"]}}],"collection":[{"href":"https:\/\/www.hepsiart.com\/index.php?rest_route=\/wp\/v2\/product"}],"about":[{"href":"https:\/\/www.hepsiart.com\/index.php?rest_route=\/wp\/v2\/types\/product"}],"replies":[{"embeddable":true,"href":"https:\/\/www.hepsiart.com\/index.php?rest_route=%2Fwp%2Fv2%2Fcomments&post=6928"}],"wp:featuredmedia":[{"embeddable":true,"href":"https:\/\/www.hepsiart.com\/index.php?rest_route=\/wp\/v2\/media\/6929"}],"wp:attachment":[{"href":"https:\/\/www.hepsiart.com\/index.php?rest_route=%2Fwp%2Fv2%2Fmedia&parent=6928"}],"wp:term":[{"taxonomy":"product_brand","embeddable":true,"href":"https:\/\/www.hepsiart.com\/index.php?rest_route=%2Fwp%2Fv2%2Fproduct_brand&post=6928"},{"taxonomy":"product_cat","embeddable":true,"href":"https:\/\/www.hepsiart.com\/index.php?rest_route=%2Fwp%2Fv2%2Fproduct_cat&post=6928"},{"taxonomy":"product_tag","embeddable":true,"href":"https:\/\/www.hepsiart.com\/index.php?rest_route=%2Fwp%2Fv2%2Fproduct_tag&post=6928"}],"curies":[{"name":"wp","href":"https:\/\/api.w.org\/{rel}","templated":true}]}}