{"id":6924,"date":"2026-03-13T19:42:15","date_gmt":"2026-03-13T19:42:15","guid":{"rendered":"https:\/\/www.hepsiart.com\/?product=cay-agaci-yagi-20-ml"},"modified":"2026-03-13T19:42:15","modified_gmt":"2026-03-13T19:42:15","slug":"cay-agaci-yagi-20-ml","status":"publish","type":"product","link":"https:\/\/www.hepsiart.com\/?product=cay-agaci-yagi-20-ml","title":{"rendered":"\u00c7ay A\u011fac\u0131 Ya\u011f\u0131 20 ML"},"content":{"rendered":"<p>\u00c7ay A\u011fac\u0131 Ya\u011f\u0131 20 ML &#8211; OEM458-8731 &#8211;  &#8211; \u00c7ay A\u011fac\u0131 Ya\u011f\u0131 20 ML<\/p>\n","protected":false},"excerpt":{"rendered":"<p>\u00c7ay A\u011fac\u0131 Ya\u011f\u0131 20 ML &#8211; OEM458-8731 &#8211; &#8211; \u00c7ay A\u011fac\u0131 Ya\u011f\u0131 20 ML<\/p>\n","protected":false},"featured_media":6925,"comment_status":"closed","ping_status":"open","template":"","meta":[],"product_brand":[69],"product_cat":[267],"product_tag":[],"class_list":{"0":"post-6924","1":"product","2":"type-product","3":"status-publish","4":"has-post-thumbnail","6":"product_brand-oem","7":"product_cat-cay-agaci-yagi","9":"first","10":"instock","11":"purchasable","12":"product-type-simple"},"acf":[],"_links":{"self":[{"href":"https:\/\/www.hepsiart.com\/index.php?rest_route=\/wp\/v2\/product\/6924","targetHints":{"allow":["GET"]}}],"collection":[{"href":"https:\/\/www.hepsiart.com\/index.php?rest_route=\/wp\/v2\/product"}],"about":[{"href":"https:\/\/www.hepsiart.com\/index.php?rest_route=\/wp\/v2\/types\/product"}],"replies":[{"embeddable":true,"href":"https:\/\/www.hepsiart.com\/index.php?rest_route=%2Fwp%2Fv2%2Fcomments&post=6924"}],"wp:featuredmedia":[{"embeddable":true,"href":"https:\/\/www.hepsiart.com\/index.php?rest_route=\/wp\/v2\/media\/6925"}],"wp:attachment":[{"href":"https:\/\/www.hepsiart.com\/index.php?rest_route=%2Fwp%2Fv2%2Fmedia&parent=6924"}],"wp:term":[{"taxonomy":"product_brand","embeddable":true,"href":"https:\/\/www.hepsiart.com\/index.php?rest_route=%2Fwp%2Fv2%2Fproduct_brand&post=6924"},{"taxonomy":"product_cat","embeddable":true,"href":"https:\/\/www.hepsiart.com\/index.php?rest_route=%2Fwp%2Fv2%2Fproduct_cat&post=6924"},{"taxonomy":"product_tag","embeddable":true,"href":"https:\/\/www.hepsiart.com\/index.php?rest_route=%2Fwp%2Fv2%2Fproduct_tag&post=6924"}],"curies":[{"name":"wp","href":"https:\/\/api.w.org\/{rel}","templated":true}]}}