{"id":6912,"date":"2026-03-13T19:42:11","date_gmt":"2026-03-13T19:42:11","guid":{"rendered":"https:\/\/www.hepsiart.com\/?product=incir-cekirdegi-yagi-soguk-pres-20-ml-cam-sise"},"modified":"2026-03-13T19:42:12","modified_gmt":"2026-03-13T19:42:12","slug":"incir-cekirdegi-yagi-soguk-pres-20-ml-cam-sise","status":"publish","type":"product","link":"https:\/\/www.hepsiart.com\/?product=incir-cekirdegi-yagi-soguk-pres-20-ml-cam-sise","title":{"rendered":"\u0130ncir \u00c7ekirde\u011fi Ya\u011f\u0131 So\u011fuk Pres 20 ML Cam \u015ei\u015fe"},"content":{"rendered":"<p>\u0130ncir \u00c7ekirde\u011fi Ya\u011f\u0131 So\u011fuk Pres 20 ML Cam \u015ei\u015fe &#8211; OEM458-8729 &#8211;  &#8211; \u0130ncir \u00c7ekirde\u011fi Ya\u011f\u0131 So\u011fuk Pres 20 ML Cam \u015ei\u015fe<\/p>\n","protected":false},"excerpt":{"rendered":"<p>\u0130ncir \u00c7ekirde\u011fi Ya\u011f\u0131 So\u011fuk Pres 20 ML Cam \u015ei\u015fe &#8211; OEM458-8729 &#8211; &#8211; \u0130ncir \u00c7ekirde\u011fi Ya\u011f\u0131 So\u011fuk Pres 20 ML Cam \u015ei\u015fe<\/p>\n","protected":false},"featured_media":6913,"comment_status":"closed","ping_status":"open","template":"","meta":[],"product_brand":[69],"product_cat":[592],"product_tag":[],"class_list":{"0":"post-6912","1":"product","2":"type-product","3":"status-publish","4":"has-post-thumbnail","6":"product_brand-oem","7":"product_cat-incir-cekirdegi-yagi","9":"first","10":"instock","11":"purchasable","12":"product-type-simple"},"acf":[],"_links":{"self":[{"href":"https:\/\/www.hepsiart.com\/index.php?rest_route=\/wp\/v2\/product\/6912","targetHints":{"allow":["GET"]}}],"collection":[{"href":"https:\/\/www.hepsiart.com\/index.php?rest_route=\/wp\/v2\/product"}],"about":[{"href":"https:\/\/www.hepsiart.com\/index.php?rest_route=\/wp\/v2\/types\/product"}],"replies":[{"embeddable":true,"href":"https:\/\/www.hepsiart.com\/index.php?rest_route=%2Fwp%2Fv2%2Fcomments&post=6912"}],"wp:featuredmedia":[{"embeddable":true,"href":"https:\/\/www.hepsiart.com\/index.php?rest_route=\/wp\/v2\/media\/6913"}],"wp:attachment":[{"href":"https:\/\/www.hepsiart.com\/index.php?rest_route=%2Fwp%2Fv2%2Fmedia&parent=6912"}],"wp:term":[{"taxonomy":"product_brand","embeddable":true,"href":"https:\/\/www.hepsiart.com\/index.php?rest_route=%2Fwp%2Fv2%2Fproduct_brand&post=6912"},{"taxonomy":"product_cat","embeddable":true,"href":"https:\/\/www.hepsiart.com\/index.php?rest_route=%2Fwp%2Fv2%2Fproduct_cat&post=6912"},{"taxonomy":"product_tag","embeddable":true,"href":"https:\/\/www.hepsiart.com\/index.php?rest_route=%2Fwp%2Fv2%2Fproduct_tag&post=6912"}],"curies":[{"name":"wp","href":"https:\/\/api.w.org\/{rel}","templated":true}]}}