{"id":6908,"date":"2026-03-13T19:42:11","date_gmt":"2026-03-13T19:42:11","guid":{"rendered":"https:\/\/www.hepsiart.com\/?product=kabak-lifi-dogal-kese-9x53"},"modified":"2026-03-13T19:42:11","modified_gmt":"2026-03-13T19:42:11","slug":"kabak-lifi-dogal-kese-9x53","status":"publish","type":"product","link":"https:\/\/www.hepsiart.com\/?product=kabak-lifi-dogal-kese-9x53","title":{"rendered":"Kabak Lifi Do\u011fal Kese 9&#215;53"},"content":{"rendered":"<p>Kabak Lifi Do\u011fal Kese 9&#215;53 &#8211; OEM458-8727 &#8211;  &#8211; Kabak Lifi Do\u011fal Kese 9&#215;53<\/p>\n","protected":false},"excerpt":{"rendered":"<p>Kabak Lifi Do\u011fal Kese 9&#215;53 &#8211; OEM458-8727 &#8211; &#8211; Kabak Lifi Do\u011fal Kese 9&#215;53<\/p>\n","protected":false},"featured_media":6909,"comment_status":"closed","ping_status":"open","template":"","meta":[],"product_brand":[69],"product_cat":[296],"product_tag":[],"class_list":{"0":"post-6908","1":"product","2":"type-product","3":"status-publish","4":"has-post-thumbnail","6":"product_brand-oem","7":"product_cat-kabak-lifi-keseler","9":"first","10":"instock","11":"purchasable","12":"product-type-simple"},"acf":[],"_links":{"self":[{"href":"https:\/\/www.hepsiart.com\/index.php?rest_route=\/wp\/v2\/product\/6908","targetHints":{"allow":["GET"]}}],"collection":[{"href":"https:\/\/www.hepsiart.com\/index.php?rest_route=\/wp\/v2\/product"}],"about":[{"href":"https:\/\/www.hepsiart.com\/index.php?rest_route=\/wp\/v2\/types\/product"}],"replies":[{"embeddable":true,"href":"https:\/\/www.hepsiart.com\/index.php?rest_route=%2Fwp%2Fv2%2Fcomments&post=6908"}],"wp:featuredmedia":[{"embeddable":true,"href":"https:\/\/www.hepsiart.com\/index.php?rest_route=\/wp\/v2\/media\/6909"}],"wp:attachment":[{"href":"https:\/\/www.hepsiart.com\/index.php?rest_route=%2Fwp%2Fv2%2Fmedia&parent=6908"}],"wp:term":[{"taxonomy":"product_brand","embeddable":true,"href":"https:\/\/www.hepsiart.com\/index.php?rest_route=%2Fwp%2Fv2%2Fproduct_brand&post=6908"},{"taxonomy":"product_cat","embeddable":true,"href":"https:\/\/www.hepsiart.com\/index.php?rest_route=%2Fwp%2Fv2%2Fproduct_cat&post=6908"},{"taxonomy":"product_tag","embeddable":true,"href":"https:\/\/www.hepsiart.com\/index.php?rest_route=%2Fwp%2Fv2%2Fproduct_tag&post=6908"}],"curies":[{"name":"wp","href":"https:\/\/api.w.org\/{rel}","templated":true}]}}