{"id":6904,"date":"2026-03-13T19:42:09","date_gmt":"2026-03-13T19:42:09","guid":{"rendered":"https:\/\/www.hepsiart.com\/?product=mahlepli-karisim-pasta-kurabiye-pogaca-katigi-1000-gr-paket"},"modified":"2026-03-13T19:42:09","modified_gmt":"2026-03-13T19:42:09","slug":"mahlepli-karisim-pasta-kurabiye-pogaca-katigi-1000-gr-paket","status":"publish","type":"product","link":"https:\/\/www.hepsiart.com\/?product=mahlepli-karisim-pasta-kurabiye-pogaca-katigi-1000-gr-paket","title":{"rendered":"Mahlepli Kar\u0131\u015f\u0131m Pasta Kurabiye Po\u011fa\u00e7a Kat\u0131\u011f\u0131 1000 Gr Paket"},"content":{"rendered":"<p>Mahlepli Kar\u0131\u015f\u0131m Pasta Kurabiye Po\u011fa\u00e7a Kat\u0131\u011f\u0131 1000 Gr Paket &#8211; OEM458-8722 &#8211;  &#8211; Mahlepli Kar\u0131\u015f\u0131m Pasta Kurabiye Po\u011fa\u00e7a Kat\u0131\u011f\u0131 1000 Gr Paket<\/p>\n","protected":false},"excerpt":{"rendered":"<p>Mahlepli Kar\u0131\u015f\u0131m Pasta Kurabiye Po\u011fa\u00e7a Kat\u0131\u011f\u0131 1000 Gr Paket &#8211; OEM458-8722 &#8211; &#8211; Mahlepli Kar\u0131\u015f\u0131m Pasta Kurabiye Po\u011fa\u00e7a Kat\u0131\u011f\u0131 1000 Gr Paket<\/p>\n","protected":false},"featured_media":6905,"comment_status":"closed","ping_status":"open","template":"","meta":[],"product_brand":[69],"product_cat":[591],"product_tag":[],"class_list":{"0":"post-6904","1":"product","2":"type-product","3":"status-publish","4":"has-post-thumbnail","6":"product_brand-oem","7":"product_cat-mahlep-toz","9":"first","10":"instock","11":"purchasable","12":"product-type-simple"},"acf":[],"_links":{"self":[{"href":"https:\/\/www.hepsiart.com\/index.php?rest_route=\/wp\/v2\/product\/6904","targetHints":{"allow":["GET"]}}],"collection":[{"href":"https:\/\/www.hepsiart.com\/index.php?rest_route=\/wp\/v2\/product"}],"about":[{"href":"https:\/\/www.hepsiart.com\/index.php?rest_route=\/wp\/v2\/types\/product"}],"replies":[{"embeddable":true,"href":"https:\/\/www.hepsiart.com\/index.php?rest_route=%2Fwp%2Fv2%2Fcomments&post=6904"}],"wp:featuredmedia":[{"embeddable":true,"href":"https:\/\/www.hepsiart.com\/index.php?rest_route=\/wp\/v2\/media\/6905"}],"wp:attachment":[{"href":"https:\/\/www.hepsiart.com\/index.php?rest_route=%2Fwp%2Fv2%2Fmedia&parent=6904"}],"wp:term":[{"taxonomy":"product_brand","embeddable":true,"href":"https:\/\/www.hepsiart.com\/index.php?rest_route=%2Fwp%2Fv2%2Fproduct_brand&post=6904"},{"taxonomy":"product_cat","embeddable":true,"href":"https:\/\/www.hepsiart.com\/index.php?rest_route=%2Fwp%2Fv2%2Fproduct_cat&post=6904"},{"taxonomy":"product_tag","embeddable":true,"href":"https:\/\/www.hepsiart.com\/index.php?rest_route=%2Fwp%2Fv2%2Fproduct_tag&post=6904"}],"curies":[{"name":"wp","href":"https:\/\/api.w.org\/{rel}","templated":true}]}}