{"id":6896,"date":"2026-03-13T19:42:07","date_gmt":"2026-03-13T19:42:07","guid":{"rendered":"https:\/\/www.hepsiart.com\/?product=misir-puskulu-dogal-1000-gr-paket"},"modified":"2026-03-13T19:42:08","modified_gmt":"2026-03-13T19:42:08","slug":"misir-puskulu-dogal-1000-gr-paket","status":"publish","type":"product","link":"https:\/\/www.hepsiart.com\/?product=misir-puskulu-dogal-1000-gr-paket","title":{"rendered":"M\u0131s\u0131r P\u00fcsk\u00fcl\u00fc Do\u011fal 1000 Gr Paket"},"content":{"rendered":"<p>M\u0131s\u0131r P\u00fcsk\u00fcl\u00fc Do\u011fal 1000 Gr Paket &#8211; OEM458-8721 &#8211;  &#8211; M\u0131s\u0131r P\u00fcsk\u00fcl\u00fc Do\u011fal 1000 Gr Paket<\/p>\n","protected":false},"excerpt":{"rendered":"<p>M\u0131s\u0131r P\u00fcsk\u00fcl\u00fc Do\u011fal 1000 Gr Paket &#8211; OEM458-8721 &#8211; &#8211; M\u0131s\u0131r P\u00fcsk\u00fcl\u00fc Do\u011fal 1000 Gr Paket<\/p>\n","protected":false},"featured_media":6897,"comment_status":"closed","ping_status":"open","template":"","meta":[],"product_brand":[69],"product_cat":[140],"product_tag":[],"class_list":{"0":"post-6896","1":"product","2":"type-product","3":"status-publish","4":"has-post-thumbnail","6":"product_brand-oem","7":"product_cat-misir-puskulu","9":"first","10":"instock","11":"purchasable","12":"product-type-simple"},"acf":[],"_links":{"self":[{"href":"https:\/\/www.hepsiart.com\/index.php?rest_route=\/wp\/v2\/product\/6896","targetHints":{"allow":["GET"]}}],"collection":[{"href":"https:\/\/www.hepsiart.com\/index.php?rest_route=\/wp\/v2\/product"}],"about":[{"href":"https:\/\/www.hepsiart.com\/index.php?rest_route=\/wp\/v2\/types\/product"}],"replies":[{"embeddable":true,"href":"https:\/\/www.hepsiart.com\/index.php?rest_route=%2Fwp%2Fv2%2Fcomments&post=6896"}],"wp:featuredmedia":[{"embeddable":true,"href":"https:\/\/www.hepsiart.com\/index.php?rest_route=\/wp\/v2\/media\/6897"}],"wp:attachment":[{"href":"https:\/\/www.hepsiart.com\/index.php?rest_route=%2Fwp%2Fv2%2Fmedia&parent=6896"}],"wp:term":[{"taxonomy":"product_brand","embeddable":true,"href":"https:\/\/www.hepsiart.com\/index.php?rest_route=%2Fwp%2Fv2%2Fproduct_brand&post=6896"},{"taxonomy":"product_cat","embeddable":true,"href":"https:\/\/www.hepsiart.com\/index.php?rest_route=%2Fwp%2Fv2%2Fproduct_cat&post=6896"},{"taxonomy":"product_tag","embeddable":true,"href":"https:\/\/www.hepsiart.com\/index.php?rest_route=%2Fwp%2Fv2%2Fproduct_tag&post=6896"}],"curies":[{"name":"wp","href":"https:\/\/api.w.org\/{rel}","templated":true}]}}