{"id":6892,"date":"2026-03-13T19:42:07","date_gmt":"2026-03-13T19:42:07","guid":{"rendered":"https:\/\/www.hepsiart.com\/?product=hardal-tohumu-tane-dogal-siyah-1000-gr-paket-2"},"modified":"2026-03-13T19:42:07","modified_gmt":"2026-03-13T19:42:07","slug":"hardal-tohumu-tane-dogal-siyah-1000-gr-paket-2","status":"publish","type":"product","link":"https:\/\/www.hepsiart.com\/?product=hardal-tohumu-tane-dogal-siyah-1000-gr-paket-2","title":{"rendered":"Hardal Tohumu Tane Do\u011fal Siyah 1000 Gr Paket"},"content":{"rendered":"<p>Hardal Tohumu Tane Do\u011fal Siyah 1000 Gr Paket &#8211; OEM458-8719 &#8211;  &#8211; Hardal Tohumu Tane Do\u011fal Siyah 1000 Gr Paket<\/p>\n","protected":false},"excerpt":{"rendered":"<p>Hardal Tohumu Tane Do\u011fal Siyah 1000 Gr Paket &#8211; OEM458-8719 &#8211; &#8211; Hardal Tohumu Tane Do\u011fal Siyah 1000 Gr Paket<\/p>\n","protected":false},"featured_media":6893,"comment_status":"closed","ping_status":"open","template":"","meta":[],"product_brand":[69],"product_cat":[510],"product_tag":[],"class_list":{"0":"post-6892","1":"product","2":"type-product","3":"status-publish","4":"has-post-thumbnail","6":"product_brand-oem","7":"product_cat-hardal-tohumu","9":"first","10":"instock","11":"purchasable","12":"product-type-simple"},"acf":[],"_links":{"self":[{"href":"https:\/\/www.hepsiart.com\/index.php?rest_route=\/wp\/v2\/product\/6892","targetHints":{"allow":["GET"]}}],"collection":[{"href":"https:\/\/www.hepsiart.com\/index.php?rest_route=\/wp\/v2\/product"}],"about":[{"href":"https:\/\/www.hepsiart.com\/index.php?rest_route=\/wp\/v2\/types\/product"}],"replies":[{"embeddable":true,"href":"https:\/\/www.hepsiart.com\/index.php?rest_route=%2Fwp%2Fv2%2Fcomments&post=6892"}],"wp:featuredmedia":[{"embeddable":true,"href":"https:\/\/www.hepsiart.com\/index.php?rest_route=\/wp\/v2\/media\/6893"}],"wp:attachment":[{"href":"https:\/\/www.hepsiart.com\/index.php?rest_route=%2Fwp%2Fv2%2Fmedia&parent=6892"}],"wp:term":[{"taxonomy":"product_brand","embeddable":true,"href":"https:\/\/www.hepsiart.com\/index.php?rest_route=%2Fwp%2Fv2%2Fproduct_brand&post=6892"},{"taxonomy":"product_cat","embeddable":true,"href":"https:\/\/www.hepsiart.com\/index.php?rest_route=%2Fwp%2Fv2%2Fproduct_cat&post=6892"},{"taxonomy":"product_tag","embeddable":true,"href":"https:\/\/www.hepsiart.com\/index.php?rest_route=%2Fwp%2Fv2%2Fproduct_tag&post=6892"}],"curies":[{"name":"wp","href":"https:\/\/api.w.org\/{rel}","templated":true}]}}