{"id":6876,"date":"2026-03-13T19:42:03","date_gmt":"2026-03-13T19:42:03","guid":{"rendered":"https:\/\/www.hepsiart.com\/?product=sinameki-yapragi-dogal-1000-gr-paket"},"modified":"2026-03-13T19:42:03","modified_gmt":"2026-03-13T19:42:03","slug":"sinameki-yapragi-dogal-1000-gr-paket","status":"publish","type":"product","link":"https:\/\/www.hepsiart.com\/?product=sinameki-yapragi-dogal-1000-gr-paket","title":{"rendered":"Sinameki Yapra\u011f\u0131 Do\u011fal 1000 Gr Paket"},"content":{"rendered":"<p>Sinameki Yapra\u011f\u0131 Do\u011fal 1000 Gr Paket &#8211; OEM458-8712 &#8211;  &#8211; Sinameki Yapra\u011f\u0131 Do\u011fal 1000 Gr Paket<\/p>\n","protected":false},"excerpt":{"rendered":"<p>Sinameki Yapra\u011f\u0131 Do\u011fal 1000 Gr Paket &#8211; OEM458-8712 &#8211; &#8211; Sinameki Yapra\u011f\u0131 Do\u011fal 1000 Gr Paket<\/p>\n","protected":false},"featured_media":6877,"comment_status":"closed","ping_status":"open","template":"","meta":[],"product_brand":[69],"product_cat":[144],"product_tag":[],"class_list":{"0":"post-6876","1":"product","2":"type-product","3":"status-publish","4":"has-post-thumbnail","6":"product_brand-oem","7":"product_cat-sinameki","9":"first","10":"instock","11":"purchasable","12":"product-type-simple"},"acf":[],"_links":{"self":[{"href":"https:\/\/www.hepsiart.com\/index.php?rest_route=\/wp\/v2\/product\/6876","targetHints":{"allow":["GET"]}}],"collection":[{"href":"https:\/\/www.hepsiart.com\/index.php?rest_route=\/wp\/v2\/product"}],"about":[{"href":"https:\/\/www.hepsiart.com\/index.php?rest_route=\/wp\/v2\/types\/product"}],"replies":[{"embeddable":true,"href":"https:\/\/www.hepsiart.com\/index.php?rest_route=%2Fwp%2Fv2%2Fcomments&post=6876"}],"wp:featuredmedia":[{"embeddable":true,"href":"https:\/\/www.hepsiart.com\/index.php?rest_route=\/wp\/v2\/media\/6877"}],"wp:attachment":[{"href":"https:\/\/www.hepsiart.com\/index.php?rest_route=%2Fwp%2Fv2%2Fmedia&parent=6876"}],"wp:term":[{"taxonomy":"product_brand","embeddable":true,"href":"https:\/\/www.hepsiart.com\/index.php?rest_route=%2Fwp%2Fv2%2Fproduct_brand&post=6876"},{"taxonomy":"product_cat","embeddable":true,"href":"https:\/\/www.hepsiart.com\/index.php?rest_route=%2Fwp%2Fv2%2Fproduct_cat&post=6876"},{"taxonomy":"product_tag","embeddable":true,"href":"https:\/\/www.hepsiart.com\/index.php?rest_route=%2Fwp%2Fv2%2Fproduct_tag&post=6876"}],"curies":[{"name":"wp","href":"https:\/\/api.w.org\/{rel}","templated":true}]}}