{"id":6864,"date":"2026-03-13T19:41:59","date_gmt":"2026-03-13T19:41:59","guid":{"rendered":"https:\/\/www.hepsiart.com\/?product=boceklere-karsi-etkili-aerosol-405-ml"},"modified":"2026-03-13T19:42:00","modified_gmt":"2026-03-13T19:42:00","slug":"boceklere-karsi-etkili-aerosol-405-ml","status":"publish","type":"product","link":"https:\/\/www.hepsiart.com\/?product=boceklere-karsi-etkili-aerosol-405-ml","title":{"rendered":"B\u00f6ceklere Kar\u015f\u0131 Etkili Aerosol 405 ML"},"content":{"rendered":"<p>B\u00f6ceklere Kar\u015f\u0131 Etkili Aerosol 405 ML &#8211; OEM458-8709 &#8211;  &#8211; B\u00f6ceklere Kar\u015f\u0131 Etkili Aerosol 405 ML<\/p>\n","protected":false},"excerpt":{"rendered":"<p>B\u00f6ceklere Kar\u015f\u0131 Etkili Aerosol 405 ML &#8211; OEM458-8709 &#8211; &#8211; B\u00f6ceklere Kar\u015f\u0131 Etkili Aerosol 405 ML<\/p>\n","protected":false},"featured_media":6865,"comment_status":"closed","ping_status":"open","template":"","meta":[],"product_brand":[69],"product_cat":[556],"product_tag":[],"class_list":{"0":"post-6864","1":"product","2":"type-product","3":"status-publish","4":"has-post-thumbnail","6":"product_brand-oem","7":"product_cat-hasere-oldurucu","9":"first","10":"instock","11":"purchasable","12":"product-type-simple"},"acf":[],"_links":{"self":[{"href":"https:\/\/www.hepsiart.com\/index.php?rest_route=\/wp\/v2\/product\/6864","targetHints":{"allow":["GET"]}}],"collection":[{"href":"https:\/\/www.hepsiart.com\/index.php?rest_route=\/wp\/v2\/product"}],"about":[{"href":"https:\/\/www.hepsiart.com\/index.php?rest_route=\/wp\/v2\/types\/product"}],"replies":[{"embeddable":true,"href":"https:\/\/www.hepsiart.com\/index.php?rest_route=%2Fwp%2Fv2%2Fcomments&post=6864"}],"wp:featuredmedia":[{"embeddable":true,"href":"https:\/\/www.hepsiart.com\/index.php?rest_route=\/wp\/v2\/media\/6865"}],"wp:attachment":[{"href":"https:\/\/www.hepsiart.com\/index.php?rest_route=%2Fwp%2Fv2%2Fmedia&parent=6864"}],"wp:term":[{"taxonomy":"product_brand","embeddable":true,"href":"https:\/\/www.hepsiart.com\/index.php?rest_route=%2Fwp%2Fv2%2Fproduct_brand&post=6864"},{"taxonomy":"product_cat","embeddable":true,"href":"https:\/\/www.hepsiart.com\/index.php?rest_route=%2Fwp%2Fv2%2Fproduct_cat&post=6864"},{"taxonomy":"product_tag","embeddable":true,"href":"https:\/\/www.hepsiart.com\/index.php?rest_route=%2Fwp%2Fv2%2Fproduct_tag&post=6864"}],"curies":[{"name":"wp","href":"https:\/\/api.w.org\/{rel}","templated":true}]}}