{"id":4232,"date":"2026-03-13T19:25:14","date_gmt":"2026-03-13T19:25:14","guid":{"rendered":"https:\/\/www.hepsiart.com\/?product=atom-nane-limon-melisa-kup-seker-cayi-140-gr"},"modified":"2026-03-13T19:25:15","modified_gmt":"2026-03-13T19:25:15","slug":"atom-nane-limon-melisa-kup-seker-cayi-140-gr","status":"publish","type":"product","link":"https:\/\/www.hepsiart.com\/?product=atom-nane-limon-melisa-kup-seker-cayi-140-gr","title":{"rendered":"Atom Nane Limon Melisa K\u00fcp \u015eeker \u00c7ay\u0131 140 Gr"},"content":{"rendered":"<p>Atom Nane Limon Melisa K\u00fcp \u015eeker \u00c7ay\u0131 140 Gr &#8211; OEM458-7834 &#8211;  &#8211; Atom Nane Limon Melisa K\u00fcp \u015eeker \u00c7ay\u0131 140 Gr<\/p>\n","protected":false},"excerpt":{"rendered":"<p>Atom Nane Limon Melisa K\u00fcp \u015eeker \u00c7ay\u0131 140 Gr &#8211; OEM458-7834 &#8211; &#8211; Atom Nane Limon Melisa K\u00fcp \u015eeker \u00c7ay\u0131 140 Gr<\/p>\n","protected":false},"featured_media":4233,"comment_status":"closed","ping_status":"open","template":"","meta":[],"product_brand":[69],"product_cat":[355],"product_tag":[],"class_list":{"0":"post-4232","1":"product","2":"type-product","3":"status-publish","4":"has-post-thumbnail","6":"product_brand-oem","7":"product_cat-atom-cayi","9":"first","10":"instock","11":"purchasable","12":"product-type-simple"},"acf":[],"_links":{"self":[{"href":"https:\/\/www.hepsiart.com\/index.php?rest_route=\/wp\/v2\/product\/4232","targetHints":{"allow":["GET"]}}],"collection":[{"href":"https:\/\/www.hepsiart.com\/index.php?rest_route=\/wp\/v2\/product"}],"about":[{"href":"https:\/\/www.hepsiart.com\/index.php?rest_route=\/wp\/v2\/types\/product"}],"replies":[{"embeddable":true,"href":"https:\/\/www.hepsiart.com\/index.php?rest_route=%2Fwp%2Fv2%2Fcomments&post=4232"}],"wp:featuredmedia":[{"embeddable":true,"href":"https:\/\/www.hepsiart.com\/index.php?rest_route=\/wp\/v2\/media\/4233"}],"wp:attachment":[{"href":"https:\/\/www.hepsiart.com\/index.php?rest_route=%2Fwp%2Fv2%2Fmedia&parent=4232"}],"wp:term":[{"taxonomy":"product_brand","embeddable":true,"href":"https:\/\/www.hepsiart.com\/index.php?rest_route=%2Fwp%2Fv2%2Fproduct_brand&post=4232"},{"taxonomy":"product_cat","embeddable":true,"href":"https:\/\/www.hepsiart.com\/index.php?rest_route=%2Fwp%2Fv2%2Fproduct_cat&post=4232"},{"taxonomy":"product_tag","embeddable":true,"href":"https:\/\/www.hepsiart.com\/index.php?rest_route=%2Fwp%2Fv2%2Fproduct_tag&post=4232"}],"curies":[{"name":"wp","href":"https:\/\/api.w.org\/{rel}","templated":true}]}}