{"id":4214,"date":"2026-03-13T19:25:12","date_gmt":"2026-03-13T19:25:12","guid":{"rendered":"https:\/\/www.hepsiart.com\/?product=kumas-boyasi-sabitleyici-30-cc"},"modified":"2026-03-13T19:25:12","modified_gmt":"2026-03-13T19:25:12","slug":"kumas-boyasi-sabitleyici-30-cc","status":"publish","type":"product","link":"https:\/\/www.hepsiart.com\/?product=kumas-boyasi-sabitleyici-30-cc","title":{"rendered":"Kuma\u015f Boyas\u0131 Sabitleyici 30 cc"},"content":{"rendered":"<p>Kuma\u015f Boyas\u0131 Sabitleyici 30 cc &#8211; OEM458-7827 &#8211;  &#8211; Kuma\u015f Boyas\u0131 Sabitleyici 30 cc<\/p>\n","protected":false},"excerpt":{"rendered":"<p>Kuma\u015f Boyas\u0131 Sabitleyici 30 cc &#8211; OEM458-7827 &#8211; &#8211; Kuma\u015f Boyas\u0131 Sabitleyici 30 cc<\/p>\n","protected":false},"featured_media":4215,"comment_status":"closed","ping_status":"open","template":"","meta":[],"product_brand":[69],"product_cat":[357],"product_tag":[],"class_list":{"0":"post-4214","1":"product","2":"type-product","3":"status-publish","4":"has-post-thumbnail","6":"product_brand-oem","7":"product_cat-kumas-boyasi-sabitleyici","9":"first","10":"instock","11":"purchasable","12":"product-type-simple"},"acf":[],"_links":{"self":[{"href":"https:\/\/www.hepsiart.com\/index.php?rest_route=\/wp\/v2\/product\/4214","targetHints":{"allow":["GET"]}}],"collection":[{"href":"https:\/\/www.hepsiart.com\/index.php?rest_route=\/wp\/v2\/product"}],"about":[{"href":"https:\/\/www.hepsiart.com\/index.php?rest_route=\/wp\/v2\/types\/product"}],"replies":[{"embeddable":true,"href":"https:\/\/www.hepsiart.com\/index.php?rest_route=%2Fwp%2Fv2%2Fcomments&post=4214"}],"wp:featuredmedia":[{"embeddable":true,"href":"https:\/\/www.hepsiart.com\/index.php?rest_route=\/wp\/v2\/media\/4215"}],"wp:attachment":[{"href":"https:\/\/www.hepsiart.com\/index.php?rest_route=%2Fwp%2Fv2%2Fmedia&parent=4214"}],"wp:term":[{"taxonomy":"product_brand","embeddable":true,"href":"https:\/\/www.hepsiart.com\/index.php?rest_route=%2Fwp%2Fv2%2Fproduct_brand&post=4214"},{"taxonomy":"product_cat","embeddable":true,"href":"https:\/\/www.hepsiart.com\/index.php?rest_route=%2Fwp%2Fv2%2Fproduct_cat&post=4214"},{"taxonomy":"product_tag","embeddable":true,"href":"https:\/\/www.hepsiart.com\/index.php?rest_route=%2Fwp%2Fv2%2Fproduct_tag&post=4214"}],"curies":[{"name":"wp","href":"https:\/\/api.w.org\/{rel}","templated":true}]}}