{"id":4188,"date":"2026-03-13T19:25:04","date_gmt":"2026-03-13T19:25:04","guid":{"rendered":"https:\/\/www.hepsiart.com\/?product=french-press-bitki-cayi-cam-demligi-01-350-ml"},"modified":"2026-03-13T19:25:06","modified_gmt":"2026-03-13T19:25:06","slug":"french-press-bitki-cayi-cam-demligi-01-350-ml","status":"publish","type":"product","link":"https:\/\/www.hepsiart.com\/?product=french-press-bitki-cayi-cam-demligi-01-350-ml","title":{"rendered":"French Press Bitki \u00c7ay\u0131 Cam Demli\u011fi 01 350 ML"},"content":{"rendered":"<p>French Press Bitki \u00c7ay\u0131 Cam Demli\u011fi 01 350 ML &#8211; OEM458-7812 &#8211;  &#8211; French Press Bitki \u00c7ay\u0131 Cam Demli\u011fi 01 350 ML<\/p>\n","protected":false},"excerpt":{"rendered":"<p>French Press Bitki \u00c7ay\u0131 Cam Demli\u011fi 01 350 ML &#8211; OEM458-7812 &#8211; &#8211; French Press Bitki \u00c7ay\u0131 Cam Demli\u011fi 01 350 ML<\/p>\n","protected":false},"featured_media":4189,"comment_status":"closed","ping_status":"open","template":"","meta":[],"product_brand":[69],"product_cat":[354],"product_tag":[],"class_list":{"0":"post-4188","1":"product","2":"type-product","3":"status-publish","4":"has-post-thumbnail","6":"product_brand-oem","7":"product_cat-demlik","9":"first","10":"instock","11":"purchasable","12":"product-type-simple"},"acf":[],"_links":{"self":[{"href":"https:\/\/www.hepsiart.com\/index.php?rest_route=\/wp\/v2\/product\/4188","targetHints":{"allow":["GET"]}}],"collection":[{"href":"https:\/\/www.hepsiart.com\/index.php?rest_route=\/wp\/v2\/product"}],"about":[{"href":"https:\/\/www.hepsiart.com\/index.php?rest_route=\/wp\/v2\/types\/product"}],"replies":[{"embeddable":true,"href":"https:\/\/www.hepsiart.com\/index.php?rest_route=%2Fwp%2Fv2%2Fcomments&post=4188"}],"wp:featuredmedia":[{"embeddable":true,"href":"https:\/\/www.hepsiart.com\/index.php?rest_route=\/wp\/v2\/media\/4189"}],"wp:attachment":[{"href":"https:\/\/www.hepsiart.com\/index.php?rest_route=%2Fwp%2Fv2%2Fmedia&parent=4188"}],"wp:term":[{"taxonomy":"product_brand","embeddable":true,"href":"https:\/\/www.hepsiart.com\/index.php?rest_route=%2Fwp%2Fv2%2Fproduct_brand&post=4188"},{"taxonomy":"product_cat","embeddable":true,"href":"https:\/\/www.hepsiart.com\/index.php?rest_route=%2Fwp%2Fv2%2Fproduct_cat&post=4188"},{"taxonomy":"product_tag","embeddable":true,"href":"https:\/\/www.hepsiart.com\/index.php?rest_route=%2Fwp%2Fv2%2Fproduct_tag&post=4188"}],"curies":[{"name":"wp","href":"https:\/\/api.w.org\/{rel}","templated":true}]}}