{"id":3070,"date":"2026-03-13T19:20:42","date_gmt":"2026-03-13T19:20:42","guid":{"rendered":"https:\/\/www.hepsiart.com\/?product=keciboynuzu-harnup-pekmezi-450gr"},"modified":"2026-03-13T19:20:43","modified_gmt":"2026-03-13T19:20:43","slug":"keciboynuzu-harnup-pekmezi-450gr","status":"publish","type":"product","link":"https:\/\/www.hepsiart.com\/?product=keciboynuzu-harnup-pekmezi-450gr","title":{"rendered":"Ke\u00e7iboynuzu Harnup Pekmezi 450Gr"},"content":{"rendered":"<p>Ke\u00e7iboynuzu Harnup Pekmezi 450Gr &#8211; OEM458-638 &#8211;  &#8211; Ke\u00e7iboynuzu Harnup Pekmezi 450Gr<\/p>\n","protected":false},"excerpt":{"rendered":"<p>Ke\u00e7iboynuzu Harnup Pekmezi 450Gr &#8211; OEM458-638 &#8211; &#8211; Ke\u00e7iboynuzu Harnup Pekmezi 450Gr<\/p>\n","protected":false},"featured_media":3071,"comment_status":"closed","ping_status":"open","template":"","meta":[],"product_brand":[69],"product_cat":[73],"product_tag":[],"class_list":{"0":"post-3070","1":"product","2":"type-product","3":"status-publish","4":"has-post-thumbnail","6":"product_brand-oem","7":"product_cat-keciboynuzu-pekmezi","9":"first","10":"instock","11":"purchasable","12":"product-type-simple"},"acf":[],"_links":{"self":[{"href":"https:\/\/www.hepsiart.com\/index.php?rest_route=\/wp\/v2\/product\/3070","targetHints":{"allow":["GET"]}}],"collection":[{"href":"https:\/\/www.hepsiart.com\/index.php?rest_route=\/wp\/v2\/product"}],"about":[{"href":"https:\/\/www.hepsiart.com\/index.php?rest_route=\/wp\/v2\/types\/product"}],"replies":[{"embeddable":true,"href":"https:\/\/www.hepsiart.com\/index.php?rest_route=%2Fwp%2Fv2%2Fcomments&post=3070"}],"wp:featuredmedia":[{"embeddable":true,"href":"https:\/\/www.hepsiart.com\/index.php?rest_route=\/wp\/v2\/media\/3071"}],"wp:attachment":[{"href":"https:\/\/www.hepsiart.com\/index.php?rest_route=%2Fwp%2Fv2%2Fmedia&parent=3070"}],"wp:term":[{"taxonomy":"product_brand","embeddable":true,"href":"https:\/\/www.hepsiart.com\/index.php?rest_route=%2Fwp%2Fv2%2Fproduct_brand&post=3070"},{"taxonomy":"product_cat","embeddable":true,"href":"https:\/\/www.hepsiart.com\/index.php?rest_route=%2Fwp%2Fv2%2Fproduct_cat&post=3070"},{"taxonomy":"product_tag","embeddable":true,"href":"https:\/\/www.hepsiart.com\/index.php?rest_route=%2Fwp%2Fv2%2Fproduct_tag&post=3070"}],"curies":[{"name":"wp","href":"https:\/\/api.w.org\/{rel}","templated":true}]}}