{"id":3062,"date":"2026-03-13T19:20:42","date_gmt":"2026-03-13T19:20:42","guid":{"rendered":"https:\/\/www.hepsiart.com\/?product=karadut-ozu-glikoz-ve-koruyucusuz-100-ml-black-mulberry-extract"},"modified":"2026-03-13T19:20:42","modified_gmt":"2026-03-13T19:20:42","slug":"karadut-ozu-glikoz-ve-koruyucusuz-100-ml-black-mulberry-extract","status":"publish","type":"product","link":"https:\/\/www.hepsiart.com\/?product=karadut-ozu-glikoz-ve-koruyucusuz-100-ml-black-mulberry-extract","title":{"rendered":"Karadut \u00d6z\u00fc Glikoz ve Koruyucusuz 100 ML Black Mulberry Extract"},"content":{"rendered":"<p>Karadut \u00d6z\u00fc Glikoz ve Koruyucusuz 100 ML Black Mulberry Extract &#8211; OEM458-10389 &#8211;  &#8211; Karadut \u00d6z\u00fc Glikoz ve Koruyucusuz 100 ML Black Mulberry Extract<\/p>\n","protected":false},"excerpt":{"rendered":"<p>Karadut \u00d6z\u00fc Glikoz ve Koruyucusuz 100 ML Black Mulberry Extract &#8211; OEM458-10389 &#8211; &#8211; Karadut \u00d6z\u00fc Glikoz ve Koruyucusuz 100 ML Black Mulberry Extract<\/p>\n","protected":false},"featured_media":3063,"comment_status":"closed","ping_status":"open","template":"","meta":[],"product_brand":[69],"product_cat":[161],"product_tag":[],"class_list":{"0":"post-3062","1":"product","2":"type-product","3":"status-publish","4":"has-post-thumbnail","6":"product_brand-oem","7":"product_cat-dut-pekmezi","9":"first","10":"instock","11":"purchasable","12":"product-type-simple"},"acf":[],"_links":{"self":[{"href":"https:\/\/www.hepsiart.com\/index.php?rest_route=\/wp\/v2\/product\/3062","targetHints":{"allow":["GET"]}}],"collection":[{"href":"https:\/\/www.hepsiart.com\/index.php?rest_route=\/wp\/v2\/product"}],"about":[{"href":"https:\/\/www.hepsiart.com\/index.php?rest_route=\/wp\/v2\/types\/product"}],"replies":[{"embeddable":true,"href":"https:\/\/www.hepsiart.com\/index.php?rest_route=%2Fwp%2Fv2%2Fcomments&post=3062"}],"wp:featuredmedia":[{"embeddable":true,"href":"https:\/\/www.hepsiart.com\/index.php?rest_route=\/wp\/v2\/media\/3063"}],"wp:attachment":[{"href":"https:\/\/www.hepsiart.com\/index.php?rest_route=%2Fwp%2Fv2%2Fmedia&parent=3062"}],"wp:term":[{"taxonomy":"product_brand","embeddable":true,"href":"https:\/\/www.hepsiart.com\/index.php?rest_route=%2Fwp%2Fv2%2Fproduct_brand&post=3062"},{"taxonomy":"product_cat","embeddable":true,"href":"https:\/\/www.hepsiart.com\/index.php?rest_route=%2Fwp%2Fv2%2Fproduct_cat&post=3062"},{"taxonomy":"product_tag","embeddable":true,"href":"https:\/\/www.hepsiart.com\/index.php?rest_route=%2Fwp%2Fv2%2Fproduct_tag&post=3062"}],"curies":[{"name":"wp","href":"https:\/\/api.w.org\/{rel}","templated":true}]}}