{"id":3046,"date":"2026-03-13T19:20:35","date_gmt":"2026-03-13T19:20:35","guid":{"rendered":"https:\/\/www.hepsiart.com\/?product=aci-cehrili-zerafet-form-cayi-42-suzen-poset"},"modified":"2026-03-13T19:20:37","modified_gmt":"2026-03-13T19:20:37","slug":"aci-cehrili-zerafet-form-cayi-42-suzen-poset","status":"publish","type":"product","link":"https:\/\/www.hepsiart.com\/?product=aci-cehrili-zerafet-form-cayi-42-suzen-poset","title":{"rendered":"Ac\u0131 \u00c7ehrili Zerafet Form \u00c7ay\u0131 42 S\u00fczen Po\u015fet"},"content":{"rendered":"<p>Ac\u0131 \u00c7ehrili Zerafet Form \u00c7ay\u0131 42 S\u00fczen Po\u015fet &#8211; OEM458-609 &#8211;  &#8211; Ac\u0131 \u00c7ehrili Zerafet Form \u00c7ay\u0131 42 S\u00fczen Po\u015fet<\/p>\n","protected":false},"excerpt":{"rendered":"<p>Ac\u0131 \u00c7ehrili Zerafet Form \u00c7ay\u0131 42 S\u00fczen Po\u015fet &#8211; OEM458-609 &#8211; &#8211; Ac\u0131 \u00c7ehrili Zerafet Form \u00c7ay\u0131 42 S\u00fczen Po\u015fet<\/p>\n","protected":false},"featured_media":3047,"comment_status":"closed","ping_status":"open","template":"","meta":[],"product_brand":[69],"product_cat":[235],"product_tag":[],"class_list":{"0":"post-3046","1":"product","2":"type-product","3":"status-publish","4":"has-post-thumbnail","6":"product_brand-oem","7":"product_cat-bitkisel-caylar","9":"first","10":"instock","11":"purchasable","12":"product-type-simple"},"acf":[],"_links":{"self":[{"href":"https:\/\/www.hepsiart.com\/index.php?rest_route=\/wp\/v2\/product\/3046","targetHints":{"allow":["GET"]}}],"collection":[{"href":"https:\/\/www.hepsiart.com\/index.php?rest_route=\/wp\/v2\/product"}],"about":[{"href":"https:\/\/www.hepsiart.com\/index.php?rest_route=\/wp\/v2\/types\/product"}],"replies":[{"embeddable":true,"href":"https:\/\/www.hepsiart.com\/index.php?rest_route=%2Fwp%2Fv2%2Fcomments&post=3046"}],"wp:featuredmedia":[{"embeddable":true,"href":"https:\/\/www.hepsiart.com\/index.php?rest_route=\/wp\/v2\/media\/3047"}],"wp:attachment":[{"href":"https:\/\/www.hepsiart.com\/index.php?rest_route=%2Fwp%2Fv2%2Fmedia&parent=3046"}],"wp:term":[{"taxonomy":"product_brand","embeddable":true,"href":"https:\/\/www.hepsiart.com\/index.php?rest_route=%2Fwp%2Fv2%2Fproduct_brand&post=3046"},{"taxonomy":"product_cat","embeddable":true,"href":"https:\/\/www.hepsiart.com\/index.php?rest_route=%2Fwp%2Fv2%2Fproduct_cat&post=3046"},{"taxonomy":"product_tag","embeddable":true,"href":"https:\/\/www.hepsiart.com\/index.php?rest_route=%2Fwp%2Fv2%2Fproduct_tag&post=3046"}],"curies":[{"name":"wp","href":"https:\/\/api.w.org\/{rel}","templated":true}]}}