{"id":3026,"date":"2026-03-13T19:20:33","date_gmt":"2026-03-13T19:20:33","guid":{"rendered":"https:\/\/www.hepsiart.com\/?product=flower-mix-cicek-unu-150-gr-teneke-kutu"},"modified":"2026-03-13T19:20:33","modified_gmt":"2026-03-13T19:20:33","slug":"flower-mix-cicek-unu-150-gr-teneke-kutu","status":"publish","type":"product","link":"https:\/\/www.hepsiart.com\/?product=flower-mix-cicek-unu-150-gr-teneke-kutu","title":{"rendered":"Flower Mix \u00c7i\u00e7ek Unu 150 Gr Teneke Kutu"},"content":{"rendered":"<p>Flower Mix \u00c7i\u00e7ek Unu 150 Gr Teneke Kutu &#8211; OEM458-604 &#8211;  &#8211; Flower Mix \u00c7i\u00e7ek Unu 150 Gr Teneke Kutu<\/p>\n","protected":false},"excerpt":{"rendered":"<p>Flower Mix \u00c7i\u00e7ek Unu 150 Gr Teneke Kutu &#8211; OEM458-604 &#8211; &#8211; Flower Mix \u00c7i\u00e7ek Unu 150 Gr Teneke Kutu<\/p>\n","protected":false},"featured_media":3027,"comment_status":"closed","ping_status":"open","template":"","meta":[],"product_brand":[69],"product_cat":[236],"product_tag":[],"class_list":{"0":"post-3026","1":"product","2":"type-product","3":"status-publish","4":"has-post-thumbnail","6":"product_brand-oem","7":"product_cat-bitkisel-tozlar","9":"first","10":"instock","11":"purchasable","12":"product-type-simple"},"acf":[],"_links":{"self":[{"href":"https:\/\/www.hepsiart.com\/index.php?rest_route=\/wp\/v2\/product\/3026","targetHints":{"allow":["GET"]}}],"collection":[{"href":"https:\/\/www.hepsiart.com\/index.php?rest_route=\/wp\/v2\/product"}],"about":[{"href":"https:\/\/www.hepsiart.com\/index.php?rest_route=\/wp\/v2\/types\/product"}],"replies":[{"embeddable":true,"href":"https:\/\/www.hepsiart.com\/index.php?rest_route=%2Fwp%2Fv2%2Fcomments&post=3026"}],"wp:featuredmedia":[{"embeddable":true,"href":"https:\/\/www.hepsiart.com\/index.php?rest_route=\/wp\/v2\/media\/3027"}],"wp:attachment":[{"href":"https:\/\/www.hepsiart.com\/index.php?rest_route=%2Fwp%2Fv2%2Fmedia&parent=3026"}],"wp:term":[{"taxonomy":"product_brand","embeddable":true,"href":"https:\/\/www.hepsiart.com\/index.php?rest_route=%2Fwp%2Fv2%2Fproduct_brand&post=3026"},{"taxonomy":"product_cat","embeddable":true,"href":"https:\/\/www.hepsiart.com\/index.php?rest_route=%2Fwp%2Fv2%2Fproduct_cat&post=3026"},{"taxonomy":"product_tag","embeddable":true,"href":"https:\/\/www.hepsiart.com\/index.php?rest_route=%2Fwp%2Fv2%2Fproduct_tag&post=3026"}],"curies":[{"name":"wp","href":"https:\/\/api.w.org\/{rel}","templated":true}]}}