{"id":3014,"date":"2026-03-13T19:20:30","date_gmt":"2026-03-13T19:20:30","guid":{"rendered":"https:\/\/www.hepsiart.com\/?product=flower-mix-nar-eksili-sinamekili-macunu-cam-kavanoz-450-gr"},"modified":"2026-03-13T19:20:30","modified_gmt":"2026-03-13T19:20:30","slug":"flower-mix-nar-eksili-sinamekili-macunu-cam-kavanoz-450-gr","status":"publish","type":"product","link":"https:\/\/www.hepsiart.com\/?product=flower-mix-nar-eksili-sinamekili-macunu-cam-kavanoz-450-gr","title":{"rendered":"Flower Mix Nar Ek\u015fili Sinamekili Macunu Cam Kavanoz 450 Gr"},"content":{"rendered":"<p>Flower Mix Nar Ek\u015fili Sinamekili Macunu Cam Kavanoz 450 Gr &#8211; OEM458-599 &#8211;  &#8211; Flower Mix Nar Ek\u015fili Sinamekili Macunu Cam Kavanoz 450 Gr<\/p>\n","protected":false},"excerpt":{"rendered":"<p>Flower Mix Nar Ek\u015fili Sinamekili Macunu Cam Kavanoz 450 Gr &#8211; OEM458-599 &#8211; &#8211; Flower Mix Nar Ek\u015fili Sinamekili Macunu Cam Kavanoz 450 Gr<\/p>\n","protected":false},"featured_media":3015,"comment_status":"closed","ping_status":"open","template":"","meta":[],"product_brand":[69],"product_cat":[169],"product_tag":[],"class_list":{"0":"post-3014","1":"product","2":"type-product","3":"status-publish","4":"has-post-thumbnail","6":"product_brand-oem","7":"product_cat-bitkisel-kuvvet-macunlari","9":"first","10":"instock","11":"purchasable","12":"product-type-simple"},"acf":[],"_links":{"self":[{"href":"https:\/\/www.hepsiart.com\/index.php?rest_route=\/wp\/v2\/product\/3014","targetHints":{"allow":["GET"]}}],"collection":[{"href":"https:\/\/www.hepsiart.com\/index.php?rest_route=\/wp\/v2\/product"}],"about":[{"href":"https:\/\/www.hepsiart.com\/index.php?rest_route=\/wp\/v2\/types\/product"}],"replies":[{"embeddable":true,"href":"https:\/\/www.hepsiart.com\/index.php?rest_route=%2Fwp%2Fv2%2Fcomments&post=3014"}],"wp:featuredmedia":[{"embeddable":true,"href":"https:\/\/www.hepsiart.com\/index.php?rest_route=\/wp\/v2\/media\/3015"}],"wp:attachment":[{"href":"https:\/\/www.hepsiart.com\/index.php?rest_route=%2Fwp%2Fv2%2Fmedia&parent=3014"}],"wp:term":[{"taxonomy":"product_brand","embeddable":true,"href":"https:\/\/www.hepsiart.com\/index.php?rest_route=%2Fwp%2Fv2%2Fproduct_brand&post=3014"},{"taxonomy":"product_cat","embeddable":true,"href":"https:\/\/www.hepsiart.com\/index.php?rest_route=%2Fwp%2Fv2%2Fproduct_cat&post=3014"},{"taxonomy":"product_tag","embeddable":true,"href":"https:\/\/www.hepsiart.com\/index.php?rest_route=%2Fwp%2Fv2%2Fproduct_tag&post=3014"}],"curies":[{"name":"wp","href":"https:\/\/api.w.org\/{rel}","templated":true}]}}