{"id":3010,"date":"2026-03-13T19:20:27","date_gmt":"2026-03-13T19:20:27","guid":{"rendered":"https:\/\/www.hepsiart.com\/?product=super-agda-240-gr"},"modified":"2026-03-13T19:20:29","modified_gmt":"2026-03-13T19:20:29","slug":"super-agda-240-gr","status":"publish","type":"product","link":"https:\/\/www.hepsiart.com\/?product=super-agda-240-gr","title":{"rendered":"S\u00fcper A\u011fda 240 Gr"},"content":{"rendered":"<p>S\u00fcper A\u011fda 240 Gr &#8211; OEM458-589 &#8211;  &#8211; S\u00fcper A\u011fda 240 Gr<\/p>\n","protected":false},"excerpt":{"rendered":"<p>S\u00fcper A\u011fda 240 Gr &#8211; OEM458-589 &#8211; &#8211; S\u00fcper A\u011fda 240 Gr<\/p>\n","protected":false},"featured_media":3011,"comment_status":"closed","ping_status":"open","template":"","meta":[],"product_brand":[69],"product_cat":[234],"product_tag":[],"class_list":{"0":"post-3010","1":"product","2":"type-product","3":"status-publish","4":"has-post-thumbnail","6":"product_brand-oem","7":"product_cat-bacak-agda-urunleri","9":"first","10":"instock","11":"purchasable","12":"product-type-simple"},"acf":[],"_links":{"self":[{"href":"https:\/\/www.hepsiart.com\/index.php?rest_route=\/wp\/v2\/product\/3010","targetHints":{"allow":["GET"]}}],"collection":[{"href":"https:\/\/www.hepsiart.com\/index.php?rest_route=\/wp\/v2\/product"}],"about":[{"href":"https:\/\/www.hepsiart.com\/index.php?rest_route=\/wp\/v2\/types\/product"}],"replies":[{"embeddable":true,"href":"https:\/\/www.hepsiart.com\/index.php?rest_route=%2Fwp%2Fv2%2Fcomments&post=3010"}],"wp:featuredmedia":[{"embeddable":true,"href":"https:\/\/www.hepsiart.com\/index.php?rest_route=\/wp\/v2\/media\/3011"}],"wp:attachment":[{"href":"https:\/\/www.hepsiart.com\/index.php?rest_route=%2Fwp%2Fv2%2Fmedia&parent=3010"}],"wp:term":[{"taxonomy":"product_brand","embeddable":true,"href":"https:\/\/www.hepsiart.com\/index.php?rest_route=%2Fwp%2Fv2%2Fproduct_brand&post=3010"},{"taxonomy":"product_cat","embeddable":true,"href":"https:\/\/www.hepsiart.com\/index.php?rest_route=%2Fwp%2Fv2%2Fproduct_cat&post=3010"},{"taxonomy":"product_tag","embeddable":true,"href":"https:\/\/www.hepsiart.com\/index.php?rest_route=%2Fwp%2Fv2%2Fproduct_tag&post=3010"}],"curies":[{"name":"wp","href":"https:\/\/api.w.org\/{rel}","templated":true}]}}