{"id":1848,"date":"2026-01-25T11:01:54","date_gmt":"2026-01-25T11:01:54","guid":{"rendered":"https:\/\/www.hepsiart.com\/?post_type=product&#038;p=1848"},"modified":"2026-03-24T09:08:11","modified_gmt":"2026-03-24T09:08:11","slug":"telefon-tablet-tutucu-metal-katlanir-doner-stand","status":"publish","type":"product","link":"https:\/\/www.hepsiart.com\/?product=telefon-tablet-tutucu-metal-katlanir-doner-stand","title":{"rendered":"Telefon Tablet Tutucu Metal Katlan\u0131r D\u00f6ner Stand"},"content":{"rendered":"<p>360 Derece D\u00f6nd\u00fcrme ile Masa\u00fcst\u00fc Deneyiminizi D\u00f6n\u00fc\u015ft\u00fcr\u00fcn<br \/>\n360 Derece D\u00f6nd\u00fcr\u00fclebilir Masa\u00fcst\u00fc Tutucu, cihazlar\u0131n\u0131zla etkile\u015fim \u015feklinizi \u00f6nemli \u00f6l\u00e7\u00fcde y\u00fckseltir. Birinci s\u0131n\u0131f malzemelerden \u00fcretilen ve kullan\u0131c\u0131 esnekli\u011fi g\u00f6z \u00f6n\u00fcnde bulundurularak tasarlanan bu stand, temel tutucular\u0131n \u00f6tesine ge\u00e7en i\u015flevsellik sunar.<\/p>\n<p>Uzun \u00d6m\u00fcrl\u00fc Performans i\u00e7in \u00dcst\u00fcn Yap\u0131 Kalitesi<br \/>\n\u00d6zenle se\u00e7ilmi\u015f malzemeleri sayesinde dayan\u0131kl\u0131l\u0131\u011f\u0131 zarif tasar\u0131mla birle\u015ftirir. Y\u00fcksek kaliteli al\u00fcminyum ala\u015f\u0131m ve sa\u011flam ABS plastikten \u00fcretilen bu stand, \u015fa\u015f\u0131rt\u0131c\u0131 derecede hafif kal\u0131rken etkileyici bir denge sa\u011flar. Sonu\u00e7 olarak, cihaz\u0131n\u0131z\u0131 g\u00fcvenle konumland\u0131rabilirsiniz, yap\u0131n\u0131n istenmeyen hareket veya sallanma olmadan teknolojinizi g\u00fcvenilir bir \u015fekilde destekleyece\u011fini bilirsiniz.<\/p>\n<p>T\u00fcm Cihazlar\u0131n\u0131z \u0130\u00e7in Evrensel Uyumluluk<br \/>\n\u0130ster en yeni ak\u0131ll\u0131 telefon modelini kullan\u0131n, ister i\u015finiz i\u00e7in kompakt bir tablet tercih edin, bu \u00e7ok y\u00f6nl\u00fc stand neredeyse t\u00fcm mobil cihazlar\u0131 destekler. \u00d6zenle tasarlanm\u0131\u015f stand, farkl\u0131 cihaz geni\u015fliklerine uyum sa\u011flayarak, gelecekte hangi teknoloji y\u00fckseltmelerini yaparsan\u0131z yap\u0131n, gelece\u011fe d\u00f6n\u00fck bir aksesuar haline geliyor.<\/p>\n<p>M\u00fckemmel G\u00f6r\u00fcnt\u00fcleme A\u00e7\u0131lar\u0131 \u0130\u00e7in E\u015fsiz Ayarlanabilirlik<br \/>\nStand, ayarlanabilir y\u00fckseklik ayarlar\u0131n\u0131n yan\u0131 s\u0131ra \u00e7ok a\u00e7\u0131l\u0131 e\u011fme \u00f6zelliklerine sahiptir. Bu arada, imzas\u0131 niteli\u011findeki 360 derece d\u00f6nd\u00fcrme mekanizmas\u0131, cihaz\u0131n\u0131z\u0131 \u00e7\u0131karmadan dikey ve yatay y\u00f6nlendirmeler aras\u0131nda an\u0131nda ge\u00e7i\u015f yapman\u0131z\u0131 sa\u011flar. Sonu\u00e7 olarak, video g\u00f6r\u00fc\u015fmelerinden i\u00e7erik t\u00fcketimine kadar her aktivite i\u00e7in ideal g\u00f6r\u00fcnt\u00fcleme a\u00e7\u0131s\u0131n\u0131 elde edebilirsiniz.<\/p>\n<p>Ta\u015f\u0131nabilirlik ve Pratiklik Bir Arada<br \/>\nSa\u011flam yap\u0131s\u0131na ra\u011fmen, katlanabilir tasar\u0131m\u0131 sayesinde ola\u011fan\u00fcst\u00fc ta\u015f\u0131nabilirlik sunar. Kullan\u0131lmad\u0131\u011f\u0131 zaman, stand \u00e7antalara veya \u00e7ekmecelere kolayca s\u0131\u011fan kompakt bir forma katlan\u0131r. Bu nedenle, d\u00fczenli bir \u00e7al\u0131\u015fma alan\u0131 koruyabilir veya seyahat ederken stand\u0131 yan\u0131n\u0131zda g\u00f6t\u00fcrebilirsiniz. Bu sa\u011flaml\u0131k ve ta\u015f\u0131nabilirlik birle\u015fimi, bu \u00fcr\u00fcn\u00fcn arkas\u0131ndaki \u00f6zenli m\u00fchendisli\u011fi temsil eder.<\/p>\n<p>Dijital \u00c7al\u0131\u015fma Alan\u0131n\u0131z\u0131 Geli\u015ftirin<br \/>\nG\u00fcn boyunca cihazlar\u0131n\u0131zla etkile\u015fim \u015feklinizi d\u00f6n\u00fc\u015ft\u00fcr\u00fcyor. \u00d6rne\u011fin, video konferanslar s\u0131ras\u0131nda, daha profesyonel bir ileti\u015fim i\u00e7in cihaz\u0131n\u0131z\u0131 g\u00f6z hizas\u0131na konumland\u0131rabilirsiniz. Alternatif olarak, yemek tariflerini takip ederken, ayarlanabilir a\u00e7\u0131lar, telefonunuzu tutmadan talimatlar\u0131 net bir \u015fekilde g\u00f6rmenizi sa\u011flar. Ayr\u0131ca, sa\u011flam taban, dokunmatik ekran etkile\u015fimleri s\u0131ras\u0131nda kazara devrilmeyi \u00f6nler.<\/p>\n<p>Temel \u0130\u015flevselli\u011fin \u00d6tesinde<br \/>\nS\u0131radan mobil standlar\u0131n aksine, g\u00fcnl\u00fck rutininizde birden fazla amaca hizmet eder. Y\u00fckseltilmi\u015f konum, ekranlar\u0131 g\u00f6z hizas\u0131na yakla\u015ft\u0131rarak boyun gerginli\u011fini azalt\u0131r. Ek olarak, sa\u011flam platform, ekran klavyelerini kullan\u0131rken yazma verimlili\u011fini art\u0131r\u0131r. Dahas\u0131, al\u00fcminyum yap\u0131n\u0131n profesyonel g\u00f6r\u00fcn\u00fcm\u00fc, herhangi bir \u00e7al\u0131\u015fma alan\u0131na sofistike bir dokunu\u015f katar.<\/p>\n<p>\u0130\u015f ve E\u011flence \u0130\u00e7in M\u00fckemmel<br \/>\n\u0130ster verimlilik ister e\u011flence i\u00e7in g\u00fcvenilir bir standa ihtiyac\u0131n\u0131z olsun, ola\u011fan\u00fcst\u00fc performans sunar. \u00c7al\u0131\u015fma saatlerinde, \u00f6nemli belgeleri veya elektronik tablolar\u0131 rahat\u00e7a g\u00f6r\u00fcnt\u00fcleyebilmeniz i\u00e7in cihaz\u0131n\u0131z\u0131 konumland\u0131r\u0131r. Daha sonra, film veya oyunlarla rahatlarken, ayn\u0131 stand m\u00fckemmel bir e\u011flence ortam\u0131 olu\u015fturmak i\u00e7in ayarlan\u0131r. Bu nedenle, bu \u00e7ok y\u00f6nl\u00fc aksesuar, profesyonel ve ki\u015fisel kullan\u0131m durumlar\u0131 aras\u0131nda sorunsuz bir ge\u00e7i\u015f sa\u011flar.<\/p>\n<p>Cihaz Kullan\u0131c\u0131lar\u0131 \u0130\u00e7in Ak\u0131ll\u0131 Yat\u0131r\u0131m<br \/>\nBirinci s\u0131n\u0131f malzemelerin, \u00f6zenli tasar\u0131m \u00f6zelliklerinin ve evrensel uyumlulu\u011fun birle\u015fimi, bu stand\u0131 herhangi bir teknoloji koleksiyonuna de\u011ferli bir katk\u0131 haline getiriyor. Sonras\u0131nda, bu kadar pratik bir aksesuar olmadan nas\u0131l bu kadar uzun s\u00fcre idare etti\u011finize \u015fa\u015f\u0131racaks\u0131n\u0131z.<\/p>\n<p>360 Derece D\u00f6nen Masa\u00fcst\u00fc Tutucu, i\u015flevsellik, dayan\u0131kl\u0131l\u0131k ve tasar\u0131m\u0131n ideal bir dengesini temsil eder. Etkileyici ayarlanabilirli\u011fi ve ta\u015f\u0131nabilir yap\u0131s\u0131 sayesinde, bu stand mobil cihazlar\u0131n\u0131zla g\u00fcnl\u00fck etkile\u015fim \u015feklinizi y\u00fckseltir. Bu nedenle, ister profesyonel video g\u00f6r\u00fc\u015fmeleri, ister g\u00fcndelik gezinme veya medya t\u00fcketimi olsun, dijital ya\u015fam\u0131n\u0131z i\u00e7in m\u00fckemmel bir platform sa\u011flar.<\/p>\n","protected":false},"excerpt":{"rendered":"<p>360 Derece D\u00f6nd\u00fcrme ile Masa\u00fcst\u00fc Deneyiminizi D\u00f6n\u00fc\u015ft\u00fcr\u00fcn 360 Derece D\u00f6nd\u00fcr\u00fclebilir Masa\u00fcst\u00fc Tutucu, cihazlar\u0131n\u0131zla etkile\u015fim \u015feklinizi \u00f6nemli \u00f6l\u00e7\u00fcde y\u00fckseltir. Birinci s\u0131n\u0131f malzemelerden \u00fcretilen ve kullan\u0131c\u0131 esnekli\u011fi g\u00f6z \u00f6n\u00fcnde bulundurularak tasarlanan bu stand, temel tutucular\u0131n \u00f6tesine ge\u00e7en i\u015flevsellik sunar. Uzun \u00d6m\u00fcrl\u00fc Performans i\u00e7in \u00dcst\u00fcn Yap\u0131 Kalitesi \u00d6zenle se\u00e7ilmi\u015f malzemeleri sayesinde dayan\u0131kl\u0131l\u0131\u011f\u0131 zarif tasar\u0131mla birle\u015ftirir. Y\u00fcksek kaliteli al\u00fcminyum ala\u015f\u0131m ve sa\u011flam ABS plastikten \u00fcretilen bu stand, \u015fa\u015f\u0131rt\u0131c\u0131 derecede hafif kal\u0131rken etkileyici bir denge sa\u011flar. Sonu\u00e7 olarak, cihaz\u0131n\u0131z\u0131 g\u00fcvenle konumland\u0131rabilirsiniz, yap\u0131n\u0131n istenmeyen hareket veya sallanma olmadan teknolojinizi g\u00fcvenilir bir \u015fekilde destekleyece\u011fini bilirsiniz. T\u00fcm Cihazlar\u0131n\u0131z \u0130\u00e7in Evrensel Uyumluluk \u0130ster en yeni ak\u0131ll\u0131 telefon modelini kullan\u0131n, ister i\u015finiz i\u00e7in kompakt bir tablet tercih edin, bu \u00e7ok y\u00f6nl\u00fc stand neredeyse t\u00fcm mobil cihazlar\u0131 destekler. \u00d6zenle tasarlanm\u0131\u015f stand, farkl\u0131 cihaz geni\u015fliklerine uyum sa\u011flayarak, gelecekte hangi teknoloji y\u00fckseltmelerini yaparsan\u0131z yap\u0131n, gelece\u011fe d\u00f6n\u00fck bir aksesuar haline geliyor. M\u00fckemmel G\u00f6r\u00fcnt\u00fcleme A\u00e7\u0131lar\u0131 \u0130\u00e7in E\u015fsiz Ayarlanabilirlik Stand, ayarlanabilir y\u00fckseklik ayarlar\u0131n\u0131n yan\u0131 s\u0131ra \u00e7ok a\u00e7\u0131l\u0131 e\u011fme \u00f6zelliklerine sahiptir. Bu arada, imzas\u0131 niteli\u011findeki 360 derece d\u00f6nd\u00fcrme mekanizmas\u0131, cihaz\u0131n\u0131z\u0131 \u00e7\u0131karmadan dikey ve yatay y\u00f6nlendirmeler aras\u0131nda an\u0131nda ge\u00e7i\u015f yapman\u0131z\u0131 sa\u011flar. Sonu\u00e7 olarak, video g\u00f6r\u00fc\u015fmelerinden i\u00e7erik t\u00fcketimine kadar her aktivite i\u00e7in ideal g\u00f6r\u00fcnt\u00fcleme a\u00e7\u0131s\u0131n\u0131 elde edebilirsiniz. Ta\u015f\u0131nabilirlik ve Pratiklik Bir Arada Sa\u011flam yap\u0131s\u0131na ra\u011fmen, katlanabilir tasar\u0131m\u0131 sayesinde ola\u011fan\u00fcst\u00fc ta\u015f\u0131nabilirlik sunar. Kullan\u0131lmad\u0131\u011f\u0131 zaman, stand \u00e7antalara veya \u00e7ekmecelere kolayca s\u0131\u011fan kompakt bir forma katlan\u0131r. Bu nedenle, d\u00fczenli bir \u00e7al\u0131\u015fma alan\u0131 koruyabilir veya seyahat ederken stand\u0131 yan\u0131n\u0131zda g\u00f6t\u00fcrebilirsiniz. Bu sa\u011flaml\u0131k ve ta\u015f\u0131nabilirlik birle\u015fimi, bu \u00fcr\u00fcn\u00fcn arkas\u0131ndaki \u00f6zenli m\u00fchendisli\u011fi temsil eder. Dijital \u00c7al\u0131\u015fma Alan\u0131n\u0131z\u0131 Geli\u015ftirin G\u00fcn boyunca cihazlar\u0131n\u0131zla etkile\u015fim \u015feklinizi d\u00f6n\u00fc\u015ft\u00fcr\u00fcyor. \u00d6rne\u011fin, video konferanslar s\u0131ras\u0131nda, daha profesyonel bir ileti\u015fim i\u00e7in cihaz\u0131n\u0131z\u0131 g\u00f6z hizas\u0131na konumland\u0131rabilirsiniz. Alternatif olarak, yemek tariflerini takip ederken, ayarlanabilir a\u00e7\u0131lar, telefonunuzu tutmadan talimatlar\u0131 net bir \u015fekilde g\u00f6rmenizi sa\u011flar. Ayr\u0131ca, sa\u011flam taban, dokunmatik ekran etkile\u015fimleri s\u0131ras\u0131nda kazara devrilmeyi \u00f6nler. Temel \u0130\u015flevselli\u011fin \u00d6tesinde S\u0131radan mobil standlar\u0131n aksine, g\u00fcnl\u00fck rutininizde birden fazla amaca hizmet eder. Y\u00fckseltilmi\u015f konum, ekranlar\u0131 g\u00f6z hizas\u0131na yakla\u015ft\u0131rarak boyun gerginli\u011fini azalt\u0131r. Ek olarak, sa\u011flam platform, ekran klavyelerini kullan\u0131rken yazma verimlili\u011fini art\u0131r\u0131r. Dahas\u0131, al\u00fcminyum yap\u0131n\u0131n profesyonel g\u00f6r\u00fcn\u00fcm\u00fc, herhangi bir \u00e7al\u0131\u015fma alan\u0131na sofistike bir dokunu\u015f katar. \u0130\u015f ve E\u011flence \u0130\u00e7in M\u00fckemmel \u0130ster verimlilik ister e\u011flence i\u00e7in g\u00fcvenilir bir standa ihtiyac\u0131n\u0131z olsun, ola\u011fan\u00fcst\u00fc performans sunar. \u00c7al\u0131\u015fma saatlerinde, \u00f6nemli belgeleri veya elektronik tablolar\u0131 rahat\u00e7a g\u00f6r\u00fcnt\u00fcleyebilmeniz i\u00e7in cihaz\u0131n\u0131z\u0131 konumland\u0131r\u0131r. Daha sonra, film veya oyunlarla rahatlarken, ayn\u0131 stand m\u00fckemmel bir e\u011flence ortam\u0131 olu\u015fturmak i\u00e7in ayarlan\u0131r. Bu nedenle, bu \u00e7ok y\u00f6nl\u00fc aksesuar, profesyonel ve ki\u015fisel kullan\u0131m durumlar\u0131 aras\u0131nda sorunsuz bir ge\u00e7i\u015f sa\u011flar. Cihaz Kullan\u0131c\u0131lar\u0131 \u0130\u00e7in Ak\u0131ll\u0131 Yat\u0131r\u0131m Birinci s\u0131n\u0131f malzemelerin, \u00f6zenli tasar\u0131m \u00f6zelliklerinin ve evrensel uyumlulu\u011fun birle\u015fimi, bu stand\u0131 herhangi bir teknoloji koleksiyonuna de\u011ferli bir katk\u0131 haline getiriyor. Sonras\u0131nda, bu kadar pratik bir aksesuar olmadan nas\u0131l bu kadar uzun s\u00fcre idare etti\u011finize \u015fa\u015f\u0131racaks\u0131n\u0131z. 360 Derece D\u00f6nen Masa\u00fcst\u00fc Tutucu, i\u015flevsellik, dayan\u0131kl\u0131l\u0131k ve tasar\u0131m\u0131n ideal bir dengesini temsil eder. Etkileyici ayarlanabilirli\u011fi ve ta\u015f\u0131nabilir yap\u0131s\u0131 sayesinde, bu stand mobil cihazlar\u0131n\u0131zla g\u00fcnl\u00fck etkile\u015fim \u015feklinizi y\u00fckseltir. Bu nedenle, ister profesyonel video g\u00f6r\u00fc\u015fmeleri, ister g\u00fcndelik gezinme veya medya t\u00fcketimi olsun, dijital ya\u015fam\u0131n\u0131z i\u00e7in m\u00fckemmel bir platform sa\u011flar.<\/p>\n","protected":false},"featured_media":1850,"comment_status":"open","ping_status":"closed","template":"","meta":[],"product_brand":[],"product_cat":[15],"product_tag":[],"class_list":{"0":"post-1848","1":"product","2":"type-product","3":"status-publish","4":"has-post-thumbnail","6":"product_cat-genel","8":"first","9":"instock","10":"sale","11":"taxable","12":"shipping-taxable","13":"purchasable","14":"product-type-simple"},"acf":[],"_links":{"self":[{"href":"https:\/\/www.hepsiart.com\/index.php?rest_route=\/wp\/v2\/product\/1848","targetHints":{"allow":["GET"]}}],"collection":[{"href":"https:\/\/www.hepsiart.com\/index.php?rest_route=\/wp\/v2\/product"}],"about":[{"href":"https:\/\/www.hepsiart.com\/index.php?rest_route=\/wp\/v2\/types\/product"}],"replies":[{"embeddable":true,"href":"https:\/\/www.hepsiart.com\/index.php?rest_route=%2Fwp%2Fv2%2Fcomments&post=1848"}],"wp:featuredmedia":[{"embeddable":true,"href":"https:\/\/www.hepsiart.com\/index.php?rest_route=\/wp\/v2\/media\/1850"}],"wp:attachment":[{"href":"https:\/\/www.hepsiart.com\/index.php?rest_route=%2Fwp%2Fv2%2Fmedia&parent=1848"}],"wp:term":[{"taxonomy":"product_brand","embeddable":true,"href":"https:\/\/www.hepsiart.com\/index.php?rest_route=%2Fwp%2Fv2%2Fproduct_brand&post=1848"},{"taxonomy":"product_cat","embeddable":true,"href":"https:\/\/www.hepsiart.com\/index.php?rest_route=%2Fwp%2Fv2%2Fproduct_cat&post=1848"},{"taxonomy":"product_tag","embeddable":true,"href":"https:\/\/www.hepsiart.com\/index.php?rest_route=%2Fwp%2Fv2%2Fproduct_tag&post=1848"}],"curies":[{"name":"wp","href":"https:\/\/api.w.org\/{rel}","templated":true}]}}