{"id":13590,"date":"2026-03-13T20:11:42","date_gmt":"2026-03-13T20:11:42","guid":{"rendered":"https:\/\/www.hepsiart.com\/?product=degirmen-seramik-ogutuculu-cam-hazneli-kahve-degirmeni-siyah"},"modified":"2026-03-13T20:11:42","modified_gmt":"2026-03-13T20:11:42","slug":"degirmen-seramik-ogutuculu-cam-hazneli-kahve-degirmeni-siyah","status":"publish","type":"product","link":"https:\/\/www.hepsiart.com\/?product=degirmen-seramik-ogutuculu-cam-hazneli-kahve-degirmeni-siyah","title":{"rendered":"De\u011firmen Seramik \u00d6\u011f\u00fct\u00fcc\u00fcl\u00fc Cam Hazneli Kahve De\u011firmeni Siyah"},"content":{"rendered":"<p>De\u011firmen Seramik \u00d6\u011f\u00fct\u00fcc\u00fcl\u00fc Cam Hazneli Kahve De\u011firmeni Siyah &#8211; OEM458-11098 &#8211;  &#8211; De\u011firmen Seramik \u00d6\u011f\u00fct\u00fcc\u00fcl\u00fc Cam Hazneli Kahve De\u011firmeni Siyah<\/p>\n","protected":false},"excerpt":{"rendered":"<p>De\u011firmen Seramik \u00d6\u011f\u00fct\u00fcc\u00fcl\u00fc Cam Hazneli Kahve De\u011firmeni Siyah &#8211; OEM458-11098 &#8211; &#8211; De\u011firmen Seramik \u00d6\u011f\u00fct\u00fcc\u00fcl\u00fc Cam Hazneli Kahve De\u011firmeni Siyah<\/p>\n","protected":false},"featured_media":13591,"comment_status":"closed","ping_status":"open","template":"","meta":[],"product_brand":[69],"product_cat":[329],"product_tag":[],"class_list":{"0":"post-13590","1":"product","2":"type-product","3":"status-publish","4":"has-post-thumbnail","6":"product_brand-oem","7":"product_cat-degirmen","9":"first","10":"instock","11":"purchasable","12":"product-type-simple"},"acf":[],"_links":{"self":[{"href":"https:\/\/www.hepsiart.com\/index.php?rest_route=\/wp\/v2\/product\/13590","targetHints":{"allow":["GET"]}}],"collection":[{"href":"https:\/\/www.hepsiart.com\/index.php?rest_route=\/wp\/v2\/product"}],"about":[{"href":"https:\/\/www.hepsiart.com\/index.php?rest_route=\/wp\/v2\/types\/product"}],"replies":[{"embeddable":true,"href":"https:\/\/www.hepsiart.com\/index.php?rest_route=%2Fwp%2Fv2%2Fcomments&post=13590"}],"wp:featuredmedia":[{"embeddable":true,"href":"https:\/\/www.hepsiart.com\/index.php?rest_route=\/wp\/v2\/media\/13591"}],"wp:attachment":[{"href":"https:\/\/www.hepsiart.com\/index.php?rest_route=%2Fwp%2Fv2%2Fmedia&parent=13590"}],"wp:term":[{"taxonomy":"product_brand","embeddable":true,"href":"https:\/\/www.hepsiart.com\/index.php?rest_route=%2Fwp%2Fv2%2Fproduct_brand&post=13590"},{"taxonomy":"product_cat","embeddable":true,"href":"https:\/\/www.hepsiart.com\/index.php?rest_route=%2Fwp%2Fv2%2Fproduct_cat&post=13590"},{"taxonomy":"product_tag","embeddable":true,"href":"https:\/\/www.hepsiart.com\/index.php?rest_route=%2Fwp%2Fv2%2Fproduct_tag&post=13590"}],"curies":[{"name":"wp","href":"https:\/\/api.w.org\/{rel}","templated":true}]}}