{"id":11382,"date":"2026-03-13T20:01:31","date_gmt":"2026-03-13T20:01:31","guid":{"rendered":"https:\/\/www.hepsiart.com\/?product=incir-yapragi-dogal-100-gr-paket"},"modified":"2026-03-13T20:01:31","modified_gmt":"2026-03-13T20:01:31","slug":"incir-yapragi-dogal-100-gr-paket","status":"publish","type":"product","link":"https:\/\/www.hepsiart.com\/?product=incir-yapragi-dogal-100-gr-paket","title":{"rendered":"\u0130ncir Yapra\u011f\u0131 Do\u011fal 100 Gr Paket"},"content":{"rendered":"<p>\u0130ncir Yapra\u011f\u0131 Do\u011fal 100 Gr Paket &#8211; OEM458-10471 &#8211;  &#8211; \u0130ncir Yapra\u011f\u0131 Do\u011fal 100 Gr Paket<\/p>\n","protected":false},"excerpt":{"rendered":"<p>\u0130ncir Yapra\u011f\u0131 Do\u011fal 100 Gr Paket &#8211; OEM458-10471 &#8211; &#8211; \u0130ncir Yapra\u011f\u0131 Do\u011fal 100 Gr Paket<\/p>\n","protected":false},"featured_media":11383,"comment_status":"closed","ping_status":"open","template":"","meta":[],"product_brand":[69],"product_cat":[846],"product_tag":[],"class_list":{"0":"post-11382","1":"product","2":"type-product","3":"status-publish","4":"has-post-thumbnail","6":"product_brand-oem","7":"product_cat-incir-yapragi","9":"first","10":"instock","11":"purchasable","12":"product-type-simple"},"acf":[],"_links":{"self":[{"href":"https:\/\/www.hepsiart.com\/index.php?rest_route=\/wp\/v2\/product\/11382","targetHints":{"allow":["GET"]}}],"collection":[{"href":"https:\/\/www.hepsiart.com\/index.php?rest_route=\/wp\/v2\/product"}],"about":[{"href":"https:\/\/www.hepsiart.com\/index.php?rest_route=\/wp\/v2\/types\/product"}],"replies":[{"embeddable":true,"href":"https:\/\/www.hepsiart.com\/index.php?rest_route=%2Fwp%2Fv2%2Fcomments&post=11382"}],"wp:featuredmedia":[{"embeddable":true,"href":"https:\/\/www.hepsiart.com\/index.php?rest_route=\/wp\/v2\/media\/11383"}],"wp:attachment":[{"href":"https:\/\/www.hepsiart.com\/index.php?rest_route=%2Fwp%2Fv2%2Fmedia&parent=11382"}],"wp:term":[{"taxonomy":"product_brand","embeddable":true,"href":"https:\/\/www.hepsiart.com\/index.php?rest_route=%2Fwp%2Fv2%2Fproduct_brand&post=11382"},{"taxonomy":"product_cat","embeddable":true,"href":"https:\/\/www.hepsiart.com\/index.php?rest_route=%2Fwp%2Fv2%2Fproduct_cat&post=11382"},{"taxonomy":"product_tag","embeddable":true,"href":"https:\/\/www.hepsiart.com\/index.php?rest_route=%2Fwp%2Fv2%2Fproduct_tag&post=11382"}],"curies":[{"name":"wp","href":"https:\/\/api.w.org\/{rel}","templated":true}]}}