{"id":11378,"date":"2026-03-13T20:01:29","date_gmt":"2026-03-13T20:01:29","guid":{"rendered":"https:\/\/www.hepsiart.com\/?product=karasakiz-yakisi-bitkisel-100-gr-paket"},"modified":"2026-03-13T20:01:30","modified_gmt":"2026-03-13T20:01:30","slug":"karasakiz-yakisi-bitkisel-100-gr-paket","status":"publish","type":"product","link":"https:\/\/www.hepsiart.com\/?product=karasakiz-yakisi-bitkisel-100-gr-paket","title":{"rendered":"Karasak\u0131z Yak\u0131s\u0131 Bitkisel 100 Gr Paket"},"content":{"rendered":"<p>Karasak\u0131z Yak\u0131s\u0131 Bitkisel 100 Gr Paket &#8211; OEM458-10470 &#8211;  &#8211; Karasak\u0131z Yak\u0131s\u0131 Bitkisel 100 Gr Paket<\/p>\n","protected":false},"excerpt":{"rendered":"<p>Karasak\u0131z Yak\u0131s\u0131 Bitkisel 100 Gr Paket &#8211; OEM458-10470 &#8211; &#8211; Karasak\u0131z Yak\u0131s\u0131 Bitkisel 100 Gr Paket<\/p>\n","protected":false},"featured_media":11379,"comment_status":"closed","ping_status":"open","template":"","meta":[],"product_brand":[69],"product_cat":[845],"product_tag":[],"class_list":{"0":"post-11378","1":"product","2":"type-product","3":"status-publish","4":"has-post-thumbnail","6":"product_brand-oem","7":"product_cat-karasakiz-yakisi","9":"first","10":"instock","11":"purchasable","12":"product-type-simple"},"acf":[],"_links":{"self":[{"href":"https:\/\/www.hepsiart.com\/index.php?rest_route=\/wp\/v2\/product\/11378","targetHints":{"allow":["GET"]}}],"collection":[{"href":"https:\/\/www.hepsiart.com\/index.php?rest_route=\/wp\/v2\/product"}],"about":[{"href":"https:\/\/www.hepsiart.com\/index.php?rest_route=\/wp\/v2\/types\/product"}],"replies":[{"embeddable":true,"href":"https:\/\/www.hepsiart.com\/index.php?rest_route=%2Fwp%2Fv2%2Fcomments&post=11378"}],"wp:featuredmedia":[{"embeddable":true,"href":"https:\/\/www.hepsiart.com\/index.php?rest_route=\/wp\/v2\/media\/11379"}],"wp:attachment":[{"href":"https:\/\/www.hepsiart.com\/index.php?rest_route=%2Fwp%2Fv2%2Fmedia&parent=11378"}],"wp:term":[{"taxonomy":"product_brand","embeddable":true,"href":"https:\/\/www.hepsiart.com\/index.php?rest_route=%2Fwp%2Fv2%2Fproduct_brand&post=11378"},{"taxonomy":"product_cat","embeddable":true,"href":"https:\/\/www.hepsiart.com\/index.php?rest_route=%2Fwp%2Fv2%2Fproduct_cat&post=11378"},{"taxonomy":"product_tag","embeddable":true,"href":"https:\/\/www.hepsiart.com\/index.php?rest_route=%2Fwp%2Fv2%2Fproduct_tag&post=11378"}],"curies":[{"name":"wp","href":"https:\/\/api.w.org\/{rel}","templated":true}]}}