{"id":420,"date":"2024-03-16T18:46:22","date_gmt":"2024-03-16T18:46:22","guid":{"rendered":"https:\/\/demosites.royal-elementor-addons.com\/jewelry-v1\/?page_id=420"},"modified":"2025-11-02T13:24:41","modified_gmt":"2025-11-02T13:24:41","slug":"my-account-jewelry-v1","status":"publish","type":"page","link":"https:\/\/www.hepsiart.com\/?page_id=420","title":{"rendered":"My Account"},"content":{"rendered":"\t\t<div data-elementor-type=\"wp-page\" data-elementor-id=\"420\" class=\"elementor elementor-420\">\n\t\t\t\t<div class=\"elementor-element elementor-element-22f83f2 e-flex e-con-boxed wpr-particle-no wpr-jarallax-no wpr-parallax-no wpr-sticky-section-no wpr-equal-height-no e-con e-parent\" data-id=\"22f83f2\" data-element_type=\"container\" data-e-type=\"container\">\n\t\t\t\t\t<div class=\"e-con-inner\">\n\t\t\t\t<div class=\"elementor-element elementor-element-8409fad elementor-widget elementor-widget-heading\" data-id=\"8409fad\" data-element_type=\"widget\" data-e-type=\"widget\" data-widget_type=\"heading.default\">\n\t\t\t\t\t<h2 class=\"elementor-heading-title elementor-size-default\">Hesab\u0131m<\/h2>\t\t\t\t<\/div>\n\t\t\t\t<div class=\"elementor-element elementor-element-a410d8d wpr-my-account-tabs-vertical elementor-widget elementor-widget-wpr-my-account-pro\" data-id=\"a410d8d\" data-element_type=\"widget\" data-e-type=\"widget\" data-settings=\"{&quot;tab_transition_duration&quot;:0.5}\" data-widget_type=\"wpr-my-account-pro.default\">\n\t\t\t\t\t\t\t<div class=\"wpr-my-account-tab wpr-my-account-tab__\">\r\n\t\t\t<div class=\"woocommerce\"><div class=\"woocommerce-notices-wrapper\"><\/div>\n\n\t\t<h2>Giri\u015f Yap<\/h2>\n\n\t\t<form class=\"woocommerce-form woocommerce-form-login login\" method=\"post\" novalidate>\n\n\t\t\t\n\t\t\t<p class=\"woocommerce-form-row woocommerce-form-row--wide form-row form-row-wide\">\n\t\t\t\t<label for=\"username\">Kullan\u0131c\u0131 ad\u0131 veya e-posta adresi&nbsp;<span class=\"required\" aria-hidden=\"true\">*<\/span><span class=\"screen-reader-text\">Gerekli<\/span><\/label>\n\t\t\t\t<input type=\"text\" class=\"woocommerce-Input woocommerce-Input--text input-text\" name=\"username\" id=\"username\" autocomplete=\"username\" value=\"\" required aria-required=\"true\" \/>\t\t\t<\/p>\n\t\t\t<p class=\"woocommerce-form-row woocommerce-form-row--wide form-row form-row-wide\">\n\t\t\t\t<label for=\"password\">Parola&nbsp;<span class=\"required\" aria-hidden=\"true\">*<\/span><span class=\"screen-reader-text\">Gerekli<\/span><\/label>\n\t\t\t\t<input class=\"woocommerce-Input woocommerce-Input--text input-text\" type=\"password\" name=\"password\" id=\"password\" autocomplete=\"current-password\" required aria-required=\"true\" \/>\n\t\t\t<\/p>\n\n\t\t\t\n\t\t\t<p class=\"form-row\">\n\t\t\t\t<label class=\"woocommerce-form__label woocommerce-form__label-for-checkbox woocommerce-form-login__rememberme\">\n\t\t\t\t\t<input class=\"woocommerce-form__input woocommerce-form__input-checkbox\" name=\"rememberme\" type=\"checkbox\" id=\"rememberme\" value=\"forever\" \/> <span>Beni hat\u0131rla<\/span>\n\t\t\t\t<\/label>\n\t\t\t\t<input type=\"hidden\" id=\"woocommerce-login-nonce\" name=\"woocommerce-login-nonce\" value=\"5b1e31dd19\" \/><input type=\"hidden\" name=\"_wp_http_referer\" value=\"\/index.php?rest_route=%2Fwp%2Fv2%2Fpages%2F420\" \/>\t\t\t\t<button type=\"submit\" class=\"woocommerce-button button woocommerce-form-login__submit\" name=\"login\" value=\"Giri\u015f Yap\">Giri\u015f Yap<\/button>\n\t\t\t<\/p>\n\t\t\t<p class=\"woocommerce-LostPassword lost_password\">\n\t\t\t\t<a href=\"https:\/\/www.hepsiart.com\/?page_id=420&#038;lost-password\">Parolan\u0131z\u0131 m\u0131 unuttunuz?<\/a>\n\t\t\t<\/p>\n\n\t\t\t\n\t\t<\/form>\n\n\n<\/div>\t\t<\/div>\r\n\t\t\t\t\t\t<\/div>\n\t\t\t\t\t<\/div>\n\t\t\t\t<\/div>\n\t\t\t\t<\/div>\n\t\t","protected":false},"excerpt":{"rendered":"<p>Hesab\u0131m Durum Sipari\u015fler \u0130ndirmeler Adresler Hesap bilgileri \u00c7\u0131k\u0131\u015f Merhaba admin (admin de\u011fil misiniz? \u00c7\u0131k\u0131\u015f yap\u0131n) Hesap panonuzdan son sipari\u015flerinizi g\u00f6r\u00fcnt\u00fcleyebilir, g\u00f6nderim ve fatura adreslerinizi y\u00f6netebilir ve \u015fifreniz ile hesap ayr\u0131nt\u0131lar\u0131n\u0131z\u0131 d\u00fczenleyebilirsiniz.<\/p>\n","protected":false},"author":1,"featured_media":0,"parent":0,"menu_order":0,"comment_status":"closed","ping_status":"closed","template":"elementor_canvas","meta":{"footnotes":""},"class_list":["post-420","page","type-page","status-publish","hentry"],"acf":[],"_links":{"self":[{"href":"https:\/\/www.hepsiart.com\/index.php?rest_route=\/wp\/v2\/pages\/420","targetHints":{"allow":["GET"]}}],"collection":[{"href":"https:\/\/www.hepsiart.com\/index.php?rest_route=\/wp\/v2\/pages"}],"about":[{"href":"https:\/\/www.hepsiart.com\/index.php?rest_route=\/wp\/v2\/types\/page"}],"author":[{"embeddable":true,"href":"https:\/\/www.hepsiart.com\/index.php?rest_route=\/wp\/v2\/users\/1"}],"replies":[{"embeddable":true,"href":"https:\/\/www.hepsiart.com\/index.php?rest_route=%2Fwp%2Fv2%2Fcomments&post=420"}],"version-history":[{"count":3,"href":"https:\/\/www.hepsiart.com\/index.php?rest_route=\/wp\/v2\/pages\/420\/revisions"}],"predecessor-version":[{"id":1784,"href":"https:\/\/www.hepsiart.com\/index.php?rest_route=\/wp\/v2\/pages\/420\/revisions\/1784"}],"wp:attachment":[{"href":"https:\/\/www.hepsiart.com\/index.php?rest_route=%2Fwp%2Fv2%2Fmedia&parent=420"}],"curies":[{"name":"wp","href":"https:\/\/api.w.org\/{rel}","templated":true}]}}