{"id":30,"date":"2024-03-13T14:44:25","date_gmt":"2024-03-13T14:44:25","guid":{"rendered":"https:\/\/demosites.royal-elementor-addons.com\/jewelry-v1\/?page_id=30"},"modified":"2025-11-02T11:47:02","modified_gmt":"2025-11-02T11:47:02","slug":"hakkimizda","status":"publish","type":"page","link":"https:\/\/www.hepsiart.com\/?page_id=30","title":{"rendered":"Hakk\u0131m\u0131zda"},"content":{"rendered":"\t\t<div data-elementor-type=\"wp-page\" data-elementor-id=\"30\" class=\"elementor elementor-30\">\n\t\t\t\t<div class=\"elementor-element elementor-element-423e38a e-flex e-con-boxed wpr-particle-no wpr-jarallax-no wpr-parallax-no wpr-sticky-section-no wpr-equal-height-no e-con e-parent\" data-id=\"423e38a\" data-element_type=\"container\" data-e-type=\"container\" data-settings=\"{&quot;background_background&quot;:&quot;classic&quot;}\">\n\t\t\t\t\t<div class=\"e-con-inner\">\n\t\t<div class=\"elementor-element elementor-element-981e212 e-flex e-con-boxed wpr-particle-no wpr-jarallax-no wpr-parallax-no wpr-sticky-section-no wpr-equal-height-no e-con e-child\" data-id=\"981e212\" data-element_type=\"container\" data-e-type=\"container\">\n\t\t\t\t\t<div class=\"e-con-inner\">\n\t\t\t\t<div class=\"elementor-element elementor-element-a3a9f8f elementor-widget elementor-widget-heading\" data-id=\"a3a9f8f\" data-element_type=\"widget\" data-e-type=\"widget\" data-widget_type=\"heading.default\">\n\t\t\t\t\t<h2 class=\"elementor-heading-title elementor-size-default\">Hakk\u0131m\u0131zda<\/h2>\t\t\t\t<\/div>\n\t\t\t\t\t<\/div>\n\t\t\t\t<\/div>\n\t\t\t\t\t<\/div>\n\t\t\t\t<\/div>\n\t\t<div class=\"elementor-element elementor-element-75d16ea e-flex e-con-boxed wpr-particle-no wpr-jarallax-no wpr-parallax-no wpr-sticky-section-no wpr-equal-height-no e-con e-parent\" data-id=\"75d16ea\" data-element_type=\"container\" data-e-type=\"container\">\n\t\t\t\t\t<div class=\"e-con-inner\">\n\t\t<div class=\"elementor-element elementor-element-c0a4d43 e-con-full e-flex wpr-particle-no wpr-jarallax-no wpr-parallax-no wpr-sticky-section-no wpr-equal-height-no e-con e-child\" data-id=\"c0a4d43\" data-element_type=\"container\" data-e-type=\"container\">\n\t\t\t\t<div class=\"elementor-element elementor-element-aa9d61f elementor-widget elementor-widget-text-editor\" data-id=\"aa9d61f\" data-element_type=\"widget\" data-e-type=\"widget\" data-widget_type=\"text-editor.default\">\n\t\t\t\t\t\t\t\t\t<p>Zarafetin ve \u0131\u015f\u0131lt\u0131n\u0131n bulu\u015ftu\u011fu markam\u0131z, el i\u015f\u00e7ili\u011fiyle \u00fcretilmi\u015f tak\u0131lar\u0131 sizlerle bulu\u015fturmak i\u00e7in kuruldu. Her bir par\u00e7a; esteti\u011fi, kaliteyi ve duyguyu bir araya getirerek tarz\u0131n\u0131z\u0131 tamamlamay\u0131 ama\u00e7lar. Amac\u0131m\u0131z sadece bir aksesuar sunmak de\u011fil, her kullan\u0131c\u0131n\u0131n kendine \u00f6zg\u00fc hikayesini yans\u0131tan \u00f6zel bir dokunu\u015f yaratmakt\u0131r.<\/p>\t\t\t\t\t\t\t\t<\/div>\n\t\t\t\t<\/div>\n\t\t\t\t\t<\/div>\n\t\t\t\t<\/div>\n\t\t<div class=\"elementor-element elementor-element-8ce8117 elementor-hidden-desktop elementor-hidden-laptop elementor-hidden-tablet elementor-hidden-mobile e-flex e-con-boxed wpr-particle-no wpr-jarallax-no wpr-parallax-no wpr-sticky-section-no wpr-equal-height-no e-con e-parent\" data-id=\"8ce8117\" data-element_type=\"container\" data-e-type=\"container\">\n\t\t\t\t\t<div class=\"e-con-inner\">\n\t\t\t\t<div class=\"elementor-element elementor-element-ad10dfd wpr-promo-box-style-cover elementor-widget elementor-widget-wpr-promo-box\" data-id=\"ad10dfd\" data-element_type=\"widget\" data-e-type=\"widget\" data-widget_type=\"wpr-promo-box.default\">\n\t\t\t\t\t\n\t\t<div class=\"wpr-promo-box wpr-animation-wrap\">\n\n\t\t\t\t\t\t\t\n\t\t\t\t\t\t\t<div class=\"wpr-promo-box-image\">\n\t\t\t\t\t<div class=\"wpr-promo-box-bg-image wpr-bg-anim-zoom-in wpr-anim-timing-ease-default\" style=\"background-image:url(https:\/\/www.hepsiart.com\/wp-content\/uploads\/2024\/03\/About-5.jpg);\"><\/div>\n\t\t\t\t\t<div class=\"wpr-promo-box-bg-overlay wpr-border-anim-none\"><\/div>\n\t\t\t\t<\/div>\n\t\t\t\t\t\t\n\t\t\t<div class=\"wpr-promo-box-content\">\n\n\t\t\t\t\n\t\t\t\t<h3 class=\"wpr-promo-box-title\"><span>Luxury at Its Finest<\/span><\/h3>\n\t\t\t\t\t\t\t\t\t<div class=\"wpr-promo-box-description\">\n\t\t\t\t\t\t<p>It presents a wrist-hugging oval of gold, punctuated with functional screws. <br>This design approach, taking an ordinary object and elevating it to precious status.<\/p>\t\n\t\t\t\t\t<\/div>\t\t\t\t\t\t\n\t\t\t\t\n\t\t\t\t\t\t\t\t\t<div class=\"wpr-promo-box-btn-wrap\">\n\t\t\t\t\t\t<a class=\"wpr-promo-box-btn\" href=\"https:\/\/demosites.royal-elementor-addons.com\/jewelry-v1\/shop-jewelry-v1\/\">\n\n\t\t\t\t\t\t\t\t\t\t\t\t\t\t<span class=\"wpr-promo-box-btn-text\">Explore More<\/span>\t\t\n\t\t\t\t\t\t\t\n\t\t\t\t\t\t\t\t\t\t\t\t\t<\/a>\n\t\t\t\t\t<\/div>\t\n\t\t\t\t\t\t\t<\/div>\n\n\t\t\t\t\t<\/div>\n\n\t\t\t\t\t\t<\/div>\n\t\t\t\t\t<\/div>\n\t\t\t\t<\/div>\n\t\t<div class=\"elementor-element elementor-element-7793550 e-flex e-con-boxed wpr-particle-no wpr-jarallax-no wpr-parallax-no wpr-sticky-section-no wpr-equal-height-no e-con e-parent\" data-id=\"7793550\" data-element_type=\"container\" data-e-type=\"container\" data-settings=\"{&quot;background_background&quot;:&quot;classic&quot;}\">\n\t\t\t\t\t<div class=\"e-con-inner\">\n\t\t<div class=\"elementor-element elementor-element-06b87db e-con-full e-flex wpr-particle-no wpr-jarallax-no wpr-parallax-no wpr-sticky-section-no wpr-equal-height-no e-con e-child\" data-id=\"06b87db\" data-element_type=\"container\" data-e-type=\"container\">\n\t\t<div class=\"elementor-element elementor-element-089c078 e-flex e-con-boxed wpr-particle-no wpr-jarallax-no wpr-parallax-no wpr-sticky-section-no wpr-equal-height-no e-con e-child\" data-id=\"089c078\" data-element_type=\"container\" data-e-type=\"container\">\n\t\t\t\t\t<div class=\"e-con-inner\">\n\t\t\t\t<div class=\"elementor-element elementor-element-e4d8232 elementor-widget elementor-widget-counter\" data-id=\"e4d8232\" data-element_type=\"widget\" data-e-type=\"widget\" data-widget_type=\"counter.default\">\n\t\t\t\t\t\t\t<div class=\"elementor-counter\">\n\t\t\t<div class=\"elementor-counter-title\">Happy Customer<\/div>\t\t\t<div class=\"elementor-counter-number-wrapper\">\n\t\t\t\t<span class=\"elementor-counter-number-prefix\"><\/span>\n\t\t\t\t<span class=\"elementor-counter-number\" data-duration=\"2000\" data-to-value=\"6.5\" data-from-value=\"0\" data-delimiter=\",\">0<\/span>\n\t\t\t\t<span class=\"elementor-counter-number-suffix\">k+<\/span>\n\t\t\t<\/div>\n\t\t<\/div>\n\t\t\t\t\t\t<\/div>\n\t\t\t\t<div class=\"elementor-element elementor-element-d8be05b elementor-widget elementor-widget-counter\" data-id=\"d8be05b\" data-element_type=\"widget\" data-e-type=\"widget\" data-widget_type=\"counter.default\">\n\t\t\t\t\t\t\t<div class=\"elementor-counter\">\n\t\t\t<div class=\"elementor-counter-title\">Years in Business<\/div>\t\t\t<div class=\"elementor-counter-number-wrapper\">\n\t\t\t\t<span class=\"elementor-counter-number-prefix\"><\/span>\n\t\t\t\t<span class=\"elementor-counter-number\" data-duration=\"2000\" data-to-value=\"125\" data-from-value=\"\" data-delimiter=\",\"><\/span>\n\t\t\t\t<span class=\"elementor-counter-number-suffix\"><\/span>\n\t\t\t<\/div>\n\t\t<\/div>\n\t\t\t\t\t\t<\/div>\n\t\t\t\t\t<\/div>\n\t\t\t\t<\/div>\n\t\t<div class=\"elementor-element elementor-element-1ac7d8e e-flex e-con-boxed wpr-particle-no wpr-jarallax-no wpr-parallax-no wpr-sticky-section-no wpr-equal-height-no e-con e-child\" data-id=\"1ac7d8e\" data-element_type=\"container\" data-e-type=\"container\">\n\t\t\t\t\t<div class=\"e-con-inner\">\n\t\t\t\t<div class=\"elementor-element elementor-element-3cba6aa elementor-widget elementor-widget-counter\" data-id=\"3cba6aa\" data-element_type=\"widget\" data-e-type=\"widget\" data-widget_type=\"counter.default\">\n\t\t\t\t\t\t\t<div class=\"elementor-counter\">\n\t\t\t<div class=\"elementor-counter-title\">Quality Guarantee<\/div>\t\t\t<div class=\"elementor-counter-number-wrapper\">\n\t\t\t\t<span class=\"elementor-counter-number-prefix\"><\/span>\n\t\t\t\t<span class=\"elementor-counter-number\" data-duration=\"2000\" data-to-value=\"100\" data-from-value=\"0\" data-delimiter=\",\">0<\/span>\n\t\t\t\t<span class=\"elementor-counter-number-suffix\">%<\/span>\n\t\t\t<\/div>\n\t\t<\/div>\n\t\t\t\t\t\t<\/div>\n\t\t\t\t<div class=\"elementor-element elementor-element-7c58316 elementor-widget elementor-widget-counter\" data-id=\"7c58316\" data-element_type=\"widget\" data-e-type=\"widget\" data-widget_type=\"counter.default\">\n\t\t\t\t\t\t\t<div class=\"elementor-counter\">\n\t\t\t<div class=\"elementor-counter-title\">Awards Won<\/div>\t\t\t<div class=\"elementor-counter-number-wrapper\">\n\t\t\t\t<span class=\"elementor-counter-number-prefix\"><\/span>\n\t\t\t\t<span class=\"elementor-counter-number\" data-duration=\"2000\" data-to-value=\"140\" data-from-value=\"0\" data-delimiter=\",\">0<\/span>\n\t\t\t\t<span class=\"elementor-counter-number-suffix\">+<\/span>\n\t\t\t<\/div>\n\t\t<\/div>\n\t\t\t\t\t\t<\/div>\n\t\t\t\t\t<\/div>\n\t\t\t\t<\/div>\n\t\t\t\t<\/div>\n\t\t<div class=\"elementor-element elementor-element-543d79a e-flex e-con-boxed wpr-particle-no wpr-jarallax-no wpr-parallax-no wpr-sticky-section-no wpr-equal-height-no e-con e-child\" data-id=\"543d79a\" data-element_type=\"container\" data-e-type=\"container\">\n\t\t\t\t\t<div class=\"e-con-inner\">\n\t\t\t\t<div class=\"elementor-element elementor-element-d86e32c elementor-vertical-align-middle elementor-widget elementor-widget-image-box\" data-id=\"d86e32c\" data-element_type=\"widget\" data-e-type=\"widget\" data-widget_type=\"image-box.default\">\n\t\t\t\t\t<div class=\"elementor-image-box-wrapper\"><div class=\"elementor-image-box-content\"><h3 class=\"elementor-image-box-title\">Misyonumuz<\/h3><p class=\"elementor-image-box-description\">Kad\u0131nlar\u0131n ve erkeklerin kendini ifade etmesini sa\u011flayan, kaliteli ve \u00f6zg\u00fcn tak\u0131lar tasarlamak.\nHer b\u00fct\u00e7eye uygun, zamans\u0131z ve dayan\u0131kl\u0131 par\u00e7alarla moda d\u00fcnyas\u0131nda fark yaratmak; m\u00fc\u015fteri memnuniyetini en \u00fcst seviyede tutarak uzun s\u00fcreli bir g\u00fcven ili\u015fkisi kurmak.<\/p><\/div><\/div>\t\t\t\t<\/div>\n\t\t\t\t<div class=\"elementor-element elementor-element-24eb055 elementor-vertical-align-middle elementor-widget elementor-widget-image-box\" data-id=\"24eb055\" data-element_type=\"widget\" data-e-type=\"widget\" data-widget_type=\"image-box.default\">\n\t\t\t\t\t<div class=\"elementor-image-box-wrapper\"><div class=\"elementor-image-box-content\"><h3 class=\"elementor-image-box-title\">Vizyonumuz<\/h3><p class=\"elementor-image-box-description\">D\u00fcnya \u00e7ap\u0131nda sevilen ve g\u00fcvenilen bir tak\u0131 markas\u0131 olmak.\nS\u00fcrd\u00fcr\u00fclebilir \u00fcretim anlay\u0131\u015f\u0131yla \u00e7evreye duyarl\u0131, yenilik\u00e7i ve sanat\u0131 teknolojiyle birle\u015ftiren tasar\u0131mlar geli\u015ftirmek; tak\u0131n\u0131n sadece bir aksesuar de\u011fil, ki\u015fisel bir ifade bi\u00e7imi oldu\u011funu herkese hissettirmek.<\/p><\/div><\/div>\t\t\t\t<\/div>\n\t\t\t\t\t<\/div>\n\t\t\t\t<\/div>\n\t\t\t\t\t<\/div>\n\t\t\t\t<\/div>\n\t\t<div class=\"elementor-element elementor-element-bfafc92 e-flex e-con-boxed wpr-particle-no wpr-jarallax-no wpr-parallax-no wpr-sticky-section-no wpr-equal-height-no e-con e-parent\" data-id=\"bfafc92\" data-element_type=\"container\" data-e-type=\"container\">\n\t\t\t\t\t<div class=\"e-con-inner\">\n\t\t<div class=\"elementor-element elementor-element-168a5f4 e-flex e-con-boxed wpr-particle-no wpr-jarallax-no wpr-parallax-no wpr-sticky-section-no wpr-equal-height-no e-con e-child\" data-id=\"168a5f4\" data-element_type=\"container\" data-e-type=\"container\">\n\t\t\t\t\t<div class=\"e-con-inner\">\n\t\t\t\t<div class=\"elementor-element elementor-element-3207403 elementor-position-top elementor-widget elementor-widget-image-box\" data-id=\"3207403\" data-element_type=\"widget\" data-e-type=\"widget\" data-widget_type=\"image-box.default\">\n\t\t\t\t\t<div class=\"elementor-image-box-wrapper\"><figure class=\"elementor-image-box-img\"><img fetchpriority=\"high\" decoding=\"async\" width=\"329\" height=\"329\" src=\"https:\/\/www.hepsiart.com\/wp-content\/uploads\/2024\/03\/icon-2.png\" class=\"attachment-full size-full wp-image-889\" alt=\"\" srcset=\"https:\/\/www.hepsiart.com\/wp-content\/uploads\/2024\/03\/icon-2.png 329w, https:\/\/www.hepsiart.com\/wp-content\/uploads\/2024\/03\/icon-2-300x300.png 300w, https:\/\/www.hepsiart.com\/wp-content\/uploads\/2024\/03\/icon-2-150x150.png 150w, https:\/\/www.hepsiart.com\/wp-content\/uploads\/2024\/03\/icon-2-100x100.png 100w\" sizes=\"(max-width: 329px) 100vw, 329px\" \/><\/figure><div class=\"elementor-image-box-content\"><h3 class=\"elementor-image-box-title\">\u00dccretsiz kargo<\/h3><\/div><\/div>\t\t\t\t<\/div>\n\t\t\t\t\t<\/div>\n\t\t\t\t<\/div>\n\t\t<div class=\"elementor-element elementor-element-951425d e-flex e-con-boxed wpr-particle-no wpr-jarallax-no wpr-parallax-no wpr-sticky-section-no wpr-equal-height-no e-con e-child\" data-id=\"951425d\" data-element_type=\"container\" data-e-type=\"container\">\n\t\t\t\t\t<div class=\"e-con-inner\">\n\t\t\t\t<div class=\"elementor-element elementor-element-fe4bbbb elementor-position-top elementor-widget elementor-widget-image-box\" data-id=\"fe4bbbb\" data-element_type=\"widget\" data-e-type=\"widget\" data-widget_type=\"image-box.default\">\n\t\t\t\t\t<div class=\"elementor-image-box-wrapper\"><figure class=\"elementor-image-box-img\"><img decoding=\"async\" width=\"329\" height=\"329\" src=\"https:\/\/www.hepsiart.com\/wp-content\/uploads\/2024\/03\/icon-4.png\" class=\"attachment-full size-full wp-image-892\" alt=\"\" srcset=\"https:\/\/www.hepsiart.com\/wp-content\/uploads\/2024\/03\/icon-4.png 329w, https:\/\/www.hepsiart.com\/wp-content\/uploads\/2024\/03\/icon-4-300x300.png 300w, https:\/\/www.hepsiart.com\/wp-content\/uploads\/2024\/03\/icon-4-150x150.png 150w, https:\/\/www.hepsiart.com\/wp-content\/uploads\/2024\/03\/icon-4-100x100.png 100w\" sizes=\"(max-width: 329px) 100vw, 329px\" \/><\/figure><div class=\"elementor-image-box-content\"><h3 class=\"elementor-image-box-title\">H\u0131zl\u0131 \u00d6deme<\/h3><\/div><\/div>\t\t\t\t<\/div>\n\t\t\t\t\t<\/div>\n\t\t\t\t<\/div>\n\t\t<div class=\"elementor-element elementor-element-c6f55c4 e-flex e-con-boxed wpr-particle-no wpr-jarallax-no wpr-parallax-no wpr-sticky-section-no wpr-equal-height-no e-con e-child\" data-id=\"c6f55c4\" data-element_type=\"container\" data-e-type=\"container\">\n\t\t\t\t\t<div class=\"e-con-inner\">\n\t\t\t\t<div class=\"elementor-element elementor-element-737192c elementor-position-top elementor-widget elementor-widget-image-box\" data-id=\"737192c\" data-element_type=\"widget\" data-e-type=\"widget\" data-widget_type=\"image-box.default\">\n\t\t\t\t\t<div class=\"elementor-image-box-wrapper\"><figure class=\"elementor-image-box-img\"><img decoding=\"async\" width=\"329\" height=\"329\" src=\"https:\/\/www.hepsiart.com\/wp-content\/uploads\/2024\/03\/icon-3.png\" class=\"attachment-full size-full wp-image-890\" alt=\"\" srcset=\"https:\/\/www.hepsiart.com\/wp-content\/uploads\/2024\/03\/icon-3.png 329w, https:\/\/www.hepsiart.com\/wp-content\/uploads\/2024\/03\/icon-3-300x300.png 300w, https:\/\/www.hepsiart.com\/wp-content\/uploads\/2024\/03\/icon-3-150x150.png 150w, https:\/\/www.hepsiart.com\/wp-content\/uploads\/2024\/03\/icon-3-100x100.png 100w\" sizes=\"(max-width: 329px) 100vw, 329px\" \/><\/figure><div class=\"elementor-image-box-content\"><h3 class=\"elementor-image-box-title\">7\/24 Ula\u015f\u0131m<\/h3><\/div><\/div>\t\t\t\t<\/div>\n\t\t\t\t\t<\/div>\n\t\t\t\t<\/div>\n\t\t<div class=\"elementor-element elementor-element-658a73a e-flex e-con-boxed wpr-particle-no wpr-jarallax-no wpr-parallax-no wpr-sticky-section-no wpr-equal-height-no e-con e-child\" data-id=\"658a73a\" data-element_type=\"container\" data-e-type=\"container\">\n\t\t\t\t\t<div class=\"e-con-inner\">\n\t\t\t\t<div class=\"elementor-element elementor-element-d2b1450 elementor-position-top elementor-widget elementor-widget-image-box\" data-id=\"d2b1450\" data-element_type=\"widget\" data-e-type=\"widget\" data-widget_type=\"image-box.default\">\n\t\t\t\t\t<div class=\"elementor-image-box-wrapper\"><figure class=\"elementor-image-box-img\"><img loading=\"lazy\" decoding=\"async\" width=\"329\" height=\"329\" src=\"https:\/\/www.hepsiart.com\/wp-content\/uploads\/2024\/03\/icon-1.png\" class=\"attachment-full size-full wp-image-888\" alt=\"\" srcset=\"https:\/\/www.hepsiart.com\/wp-content\/uploads\/2024\/03\/icon-1.png 329w, https:\/\/www.hepsiart.com\/wp-content\/uploads\/2024\/03\/icon-1-300x300.png 300w, https:\/\/www.hepsiart.com\/wp-content\/uploads\/2024\/03\/icon-1-150x150.png 150w, https:\/\/www.hepsiart.com\/wp-content\/uploads\/2024\/03\/icon-1-100x100.png 100w\" sizes=\"(max-width: 329px) 100vw, 329px\" \/><\/figure><div class=\"elementor-image-box-content\"><h3 class=\"elementor-image-box-title\">Para \u0130adesi<\/h3><\/div><\/div>\t\t\t\t<\/div>\n\t\t\t\t\t<\/div>\n\t\t\t\t<\/div>\n\t\t\t\t\t<\/div>\n\t\t\t\t<\/div>\n\t\t<div class=\"elementor-element elementor-element-9860e99 e-con-full e-flex wpr-particle-no wpr-jarallax-no wpr-parallax-no wpr-sticky-section-no wpr-equal-height-no e-con e-parent\" data-id=\"9860e99\" data-element_type=\"container\" data-e-type=\"container\">\n\t\t\t\t<div class=\"elementor-element elementor-element-bd19243 wpr-promo-box-style-cover elementor-widget elementor-widget-wpr-promo-box\" data-id=\"bd19243\" data-element_type=\"widget\" data-e-type=\"widget\" data-widget_type=\"wpr-promo-box.default\">\n\t\t\t\t\t\n\t\t<div class=\"wpr-promo-box wpr-animation-wrap\">\n\n\t\t\t\t\t\t\t\n\t\t\t\t\t\t\t<div class=\"wpr-promo-box-image\">\n\t\t\t\t\t<div class=\"wpr-promo-box-bg-image wpr-bg-anim-zoom-in wpr-anim-timing-ease-default\" style=\"background-image:url(https:\/\/www.hepsiart.com\/wp-content\/uploads\/2024\/03\/Cover-8.jpg);\"><\/div>\n\t\t\t\t\t<div class=\"wpr-promo-box-bg-overlay wpr-border-anim-none\"><\/div>\n\t\t\t\t<\/div>\n\t\t\t\t\t\t\n\t\t\t<div class=\"wpr-promo-box-content\">\n\n\t\t\t\t\n\t\t\t\t<h3 class=\"wpr-promo-box-title\"><span>Koleksiyonumuza g\u00f6z at\u0131n<\/span><\/h3>\n\t\t\t\t\t\t\t\t\t<div class=\"wpr-promo-box-description\">\n\t\t\t\t\t\t<p><p>\u00d6zenle se\u00e7ti\u011fimiz tak\u0131lara g\u00f6z atmak i\u00e7in t\u0131klay\u0131n<\/p><\/p>\t\n\t\t\t\t\t<\/div>\t\t\t\t\t\t\n\t\t\t\t\n\t\t\t\t\t\t\t\t\t<div class=\"wpr-promo-box-btn-wrap\">\n\t\t\t\t\t\t<a class=\"wpr-promo-box-btn\" href=\"http:\/\/www.hepsiart.com\/\">\n\n\t\t\t\t\t\t\t\t\t\t\t\t\t\t<span class=\"wpr-promo-box-btn-text\">Ma\u011fazaya d\u00f6n<\/span>\t\t\n\t\t\t\t\t\t\t\n\t\t\t\t\t\t\t\t\t\t\t\t\t<\/a>\n\t\t\t\t\t<\/div>\t\n\t\t\t\t\t\t\t<\/div>\n\n\t\t\t\t\t<\/div>\n\n\t\t\t\t\t\t<\/div>\n\t\t\t\t<\/div>\n\t\t<div class=\"elementor-element elementor-element-0c0bfc4 elementor-hidden-desktop elementor-hidden-laptop elementor-hidden-tablet elementor-hidden-mobile e-flex e-con-boxed wpr-particle-no wpr-jarallax-no wpr-parallax-no wpr-sticky-section-no wpr-equal-height-no e-con e-parent\" data-id=\"0c0bfc4\" data-element_type=\"container\" data-e-type=\"container\" data-settings=\"{&quot;background_background&quot;:&quot;classic&quot;}\">\n\t\t\t\t\t<div class=\"e-con-inner\">\n\t\t\t\t<div class=\"elementor-element elementor-element-c35eb03 elementor-widget elementor-widget-image\" data-id=\"c35eb03\" data-element_type=\"widget\" data-e-type=\"widget\" data-widget_type=\"image.default\">\n\t\t\t\t\t\t\t\t\t\t\t\t\t\t\t<img loading=\"lazy\" decoding=\"async\" width=\"900\" height=\"78\" src=\"https:\/\/www.hepsiart.com\/wp-content\/uploads\/2024\/03\/brands1.png\" class=\"attachment-large size-large wp-image-884\" alt=\"\" srcset=\"https:\/\/www.hepsiart.com\/wp-content\/uploads\/2024\/03\/brands1.png 900w, https:\/\/www.hepsiart.com\/wp-content\/uploads\/2024\/03\/brands1-300x26.png 300w, https:\/\/www.hepsiart.com\/wp-content\/uploads\/2024\/03\/brands1-768x67.png 768w, https:\/\/www.hepsiart.com\/wp-content\/uploads\/2024\/03\/brands1-600x52.png 600w\" sizes=\"(max-width: 900px) 100vw, 900px\" \/>\t\t\t\t\t\t\t\t\t\t\t\t\t\t\t<\/div>\n\t\t\t\t\t<\/div>\n\t\t\t\t<\/div>\n\t\t\t\t<\/div>\n\t\t","protected":false},"excerpt":{"rendered":"<p>Hakk\u0131m\u0131zda Zarafetin ve \u0131\u015f\u0131lt\u0131n\u0131n bulu\u015ftu\u011fu markam\u0131z, el i\u015f\u00e7ili\u011fiyle \u00fcretilmi\u015f tak\u0131lar\u0131 sizlerle bulu\u015fturmak i\u00e7in kuruldu. Her bir par\u00e7a; esteti\u011fi, kaliteyi ve duyguyu bir araya getirerek tarz\u0131n\u0131z\u0131 tamamlamay\u0131 ama\u00e7lar. Amac\u0131m\u0131z sadece bir aksesuar sunmak de\u011fil, her kullan\u0131c\u0131n\u0131n kendine \u00f6zg\u00fc hikayesini yans\u0131tan \u00f6zel bir dokunu\u015f yaratmakt\u0131r. Luxury at Its Finest It presents a wrist-hugging oval of gold, punctuated with functional screws. This design approach, taking an ordinary object and elevating it to precious status. Explore More Happy Customer 0 k+ Years in Business Quality Guarantee 0 % Awards Won 0 + Misyonumuz Kad\u0131nlar\u0131n ve erkeklerin kendini ifade etmesini sa\u011flayan, kaliteli ve \u00f6zg\u00fcn tak\u0131lar tasarlamak. Her b\u00fct\u00e7eye uygun, zamans\u0131z ve dayan\u0131kl\u0131 par\u00e7alarla moda d\u00fcnyas\u0131nda fark yaratmak; m\u00fc\u015fteri memnuniyetini en \u00fcst seviyede tutarak uzun s\u00fcreli bir g\u00fcven ili\u015fkisi kurmak. Vizyonumuz D\u00fcnya \u00e7ap\u0131nda sevilen ve g\u00fcvenilen bir tak\u0131 markas\u0131 olmak. S\u00fcrd\u00fcr\u00fclebilir \u00fcretim anlay\u0131\u015f\u0131yla \u00e7evreye duyarl\u0131, yenilik\u00e7i ve sanat\u0131 teknolojiyle birle\u015ftiren tasar\u0131mlar geli\u015ftirmek; tak\u0131n\u0131n sadece bir aksesuar de\u011fil, ki\u015fisel bir ifade bi\u00e7imi oldu\u011funu herkese hissettirmek. \u00dccretsiz kargo H\u0131zl\u0131 \u00d6deme 7\/24 Ula\u015f\u0131m Para \u0130adesi Koleksiyonumuza g\u00f6z at\u0131n \u00d6zenle se\u00e7ti\u011fimiz tak\u0131lara g\u00f6z atmak i\u00e7in t\u0131klay\u0131n Ma\u011fazaya d\u00f6n<\/p>\n","protected":false},"author":1,"featured_media":0,"parent":0,"menu_order":0,"comment_status":"closed","ping_status":"closed","template":"elementor_canvas","meta":{"footnotes":""},"class_list":["post-30","page","type-page","status-publish","hentry"],"acf":[],"_links":{"self":[{"href":"https:\/\/www.hepsiart.com\/index.php?rest_route=\/wp\/v2\/pages\/30","targetHints":{"allow":["GET"]}}],"collection":[{"href":"https:\/\/www.hepsiart.com\/index.php?rest_route=\/wp\/v2\/pages"}],"about":[{"href":"https:\/\/www.hepsiart.com\/index.php?rest_route=\/wp\/v2\/types\/page"}],"author":[{"embeddable":true,"href":"https:\/\/www.hepsiart.com\/index.php?rest_route=\/wp\/v2\/users\/1"}],"replies":[{"embeddable":true,"href":"https:\/\/www.hepsiart.com\/index.php?rest_route=%2Fwp%2Fv2%2Fcomments&post=30"}],"version-history":[{"count":7,"href":"https:\/\/www.hepsiart.com\/index.php?rest_route=\/wp\/v2\/pages\/30\/revisions"}],"predecessor-version":[{"id":1757,"href":"https:\/\/www.hepsiart.com\/index.php?rest_route=\/wp\/v2\/pages\/30\/revisions\/1757"}],"wp:attachment":[{"href":"https:\/\/www.hepsiart.com\/index.php?rest_route=%2Fwp%2Fv2%2Fmedia&parent=30"}],"curies":[{"name":"wp","href":"https:\/\/api.w.org\/{rel}","templated":true}]}}