{"id":1873,"date":"2026-01-30T14:46:56","date_gmt":"2026-01-30T14:46:56","guid":{"rendered":"https:\/\/www.hepsiart.com\/?page_id=1873"},"modified":"2026-01-30T14:47:05","modified_gmt":"2026-01-30T14:47:05","slug":"teslimat-ve-iade","status":"publish","type":"page","link":"https:\/\/www.hepsiart.com\/?page_id=1873","title":{"rendered":"Teslimat ve \u0130ade"},"content":{"rendered":"\n<h1 class=\"wp-block-heading\">Teslimat ve \u0130ade<\/h1>\n\n\n\n<p><strong>Teslimat Bilgisi<\/strong><\/p>\n\n\n\n<p>Sat\u0131n alm\u0131\u015f oldu\u011funuz \u00fcr\u00fcnleriniz, kay\u0131tl\u0131 teslimat adresinize, 2 i\u015f g\u00fcn\u00fc i\u00e7erisinde g\u00f6nderilecektir. Tedarik ile ilgili ya\u015fanabilecek gecikmelerde sipari\u015f durumunuz g\u00fcncellenerek taraf\u0131n\u0131za bilgilendirme sa\u011flanacakt\u0131r.<\/p>\n\n\n\n<p><strong>\u0130ade \u015eartlar\u0131<\/strong><\/p>\n\n\n\n<p>14 g\u00fcn i\u00e7erisinde iade hakk\u0131: \u0130ade etmek istedi\u011finiz \u00fcr\u00fcnleri, iade formunu doldurarak, sipari\u015fi teslim ald\u0131\u011f\u0131n\u0131z tarihten itibaren 14 g\u00fcn i\u00e7erisinde \u00fcr\u00fcnle birlikte geri g\u00f6nderebilirsiniz.<\/p>\n\n\n\n<p>\u00dcr\u00fcnlerin iade edilebilmesi i\u00e7in iade ko\u015fullar\u0131na uyulmas\u0131 gerekmektedir.<\/p>\n\n\n\n<p><strong>Geri \u00d6demeler<\/strong><\/p>\n\n\n\n<p>\u0130ade etti\u011finiz \u00fcr\u00fcnler iade \u015fartlar\u0131na uygun oldu\u011fu takdirde, Geri \u00f6demeler 7 ile 15 i\u015f g\u00fcn\u00fc i\u00e7erisinde bankaya iletilmektedir. Konu ile ilgili taraf\u0131n\u0131za bilgilendirme sa\u011flanacakt\u0131r.<\/p>\n","protected":false},"excerpt":{"rendered":"<p>Teslimat ve \u0130ade Teslimat Bilgisi Sat\u0131n alm\u0131\u015f oldu\u011funuz \u00fcr\u00fcnleriniz, kay\u0131tl\u0131 teslimat adresinize, 2 i\u015f g\u00fcn\u00fc i\u00e7erisinde g\u00f6nderilecektir. Tedarik ile ilgili ya\u015fanabilecek gecikmelerde sipari\u015f durumunuz g\u00fcncellenerek taraf\u0131n\u0131za bilgilendirme sa\u011flanacakt\u0131r. \u0130ade \u015eartlar\u0131 14 g\u00fcn i\u00e7erisinde iade hakk\u0131: \u0130ade etmek istedi\u011finiz \u00fcr\u00fcnleri, iade formunu doldurarak, sipari\u015fi teslim ald\u0131\u011f\u0131n\u0131z tarihten itibaren 14 g\u00fcn i\u00e7erisinde \u00fcr\u00fcnle birlikte geri g\u00f6nderebilirsiniz. \u00dcr\u00fcnlerin iade edilebilmesi i\u00e7in iade ko\u015fullar\u0131na uyulmas\u0131 gerekmektedir. Geri \u00d6demeler \u0130ade etti\u011finiz \u00fcr\u00fcnler iade \u015fartlar\u0131na uygun oldu\u011fu takdirde, Geri \u00f6demeler 7 ile 15 i\u015f g\u00fcn\u00fc i\u00e7erisinde bankaya iletilmektedir. Konu ile ilgili taraf\u0131n\u0131za bilgilendirme sa\u011flanacakt\u0131r.<\/p>\n","protected":false},"author":1,"featured_media":0,"parent":0,"menu_order":0,"comment_status":"closed","ping_status":"closed","template":"","meta":{"footnotes":""},"class_list":["post-1873","page","type-page","status-publish","hentry"],"acf":[],"_links":{"self":[{"href":"https:\/\/www.hepsiart.com\/index.php?rest_route=\/wp\/v2\/pages\/1873","targetHints":{"allow":["GET"]}}],"collection":[{"href":"https:\/\/www.hepsiart.com\/index.php?rest_route=\/wp\/v2\/pages"}],"about":[{"href":"https:\/\/www.hepsiart.com\/index.php?rest_route=\/wp\/v2\/types\/page"}],"author":[{"embeddable":true,"href":"https:\/\/www.hepsiart.com\/index.php?rest_route=\/wp\/v2\/users\/1"}],"replies":[{"embeddable":true,"href":"https:\/\/www.hepsiart.com\/index.php?rest_route=%2Fwp%2Fv2%2Fcomments&post=1873"}],"version-history":[{"count":2,"href":"https:\/\/www.hepsiart.com\/index.php?rest_route=\/wp\/v2\/pages\/1873\/revisions"}],"predecessor-version":[{"id":1875,"href":"https:\/\/www.hepsiart.com\/index.php?rest_route=\/wp\/v2\/pages\/1873\/revisions\/1875"}],"wp:attachment":[{"href":"https:\/\/www.hepsiart.com\/index.php?rest_route=%2Fwp%2Fv2%2Fmedia&parent=1873"}],"curies":[{"name":"wp","href":"https:\/\/api.w.org\/{rel}","templated":true}]}}